{"id":4844,"date":"2023-01-12T12:54:10","date_gmt":"2023-01-12T11:54:10","guid":{"rendered":"https:\/\/l.interzero.at\/es\/?page_id=4844"},"modified":"2025-06-10T11:36:33","modified_gmt":"2025-06-10T09:36:33","slug":"declaraciones-de-productos-y-materiales","status":"publish","type":"page","link":"https:\/\/interzero.es\/en\/services\/waste-management\/reports\/","title":{"rendered":"Annual and quarterly declarations of products and materials"},"content":{"rendered":"<div class=\"wpb-content-wrapper\"><div data-parent=\"true\" class=\"vc_row row-container\" id=\"row-unique-0\"><div class=\"row limit-width row-parent\"><div class=\"wpb_row row-inner\"><div class=\"wpb_column pos-top pos-center align_center column_parent col-lg-12 single-internal-gutter\"><div class=\"uncol style-light\"  ><div class=\"uncoltable\"><div class=\"uncell no-block-padding\" ><div class=\"uncont\" ><div class=\"vc_custom_heading_wrap\"><div class=\"heading-text el-text\" ><h1 class=\"h1\" ><span><\/p><\/span><span><h1 style=\"text-align: center\"><strong>Annual and quarterly declarations of products and materials<\/strong><\/h1><\/span><span><p><\/span><\/h1><\/div><div class=\"clear\"><\/div><\/div><\/div><\/div><\/div><\/div><\/div><script id=\"script-row-unique-0\" data-row=\"script-row-unique-0\" type=\"text\/javascript\" class=\"vc_controls\">UNCODE.initRow(document.getElementById(\"row-unique-0\"));<\/script><\/div><\/div><\/div><div data-parent=\"true\" class=\"vc_row row-container\" id=\"row-unique-1\"><div class=\"row limit-width row-parent\"><div class=\"wpb_row row-inner\"><div class=\"wpb_column pos-top pos-center align_left column_parent col-lg-12 single-internal-gutter\"><div class=\"uncol style-light\"  ><div class=\"uncoltable\"><div class=\"uncell no-block-padding\" ><div class=\"uncont\" ><div class=\"uncode_text_column\" ><\/p>\n<p id=\"tw-target-text\" class=\"tw-data-text tw-text-large tw-ta\" dir=\"ltr\" data-placeholder=\"T\u0142umaczenie\" data-ved=\"2ahUKEwiw4Pf8m9eNAxXvFRAIHasDNHoQ3ewLegQIExAV\" aria-label=\"Przet\u0142umaczony tekst: The regular preparation of environmental reports and reports is just one of the many time-consuming obligations faced by entrepreneurs. To avoid stress, errors and irregularities, it is advisable to entrust this task to qualified experts from Interzero.\"><span class=\"Y2IQFc\" lang=\"es\">The regular preparation of environmental declarations and annual and quarterly product and material declarations is just one of the many time-consuming obligations that employers face. To avoid stress, errors and irregularities, it is advisable to entrust this task to Interzero's qualified experts.<\/span><\/p>\n<p>\n<\/div><\/div><\/div><\/div><\/div><\/div><script id=\"script-row-unique-1\" data-row=\"script-row-unique-1\" type=\"text\/javascript\" class=\"vc_controls\">UNCODE.initRow(document.getElementById(\"row-unique-1\"));<\/script><\/div><\/div><\/div><div data-parent=\"true\" class=\"vc_row row-container\" id=\"row-unique-2\"><div class=\"row limit-width row-parent\"><div class=\"wpb_row row-inner\"><div class=\"wpb_column pos-top pos-center align_left column_parent col-lg-12 single-internal-gutter\"><div class=\"uncol style-light\"  ><div class=\"uncoltable\"><div class=\"uncell no-block-padding\" ><div class=\"uncont\" ><div class=\"vc_custom_heading_wrap\"><div class=\"heading-text el-text\" ><\/p>\n<h2>Who is obliged to submit product and material declarations?<\/h2>\n<p>\n<\/div><div class=\"clear\"><\/div><\/div><div class=\"uncode_text_column\" ><p>to be filled in<\/p>\n<\/div><\/div><\/div><\/div><\/div><\/div><script id=\"script-row-unique-2\" data-row=\"script-row-unique-2\" type=\"text\/javascript\" class=\"vc_controls\">UNCODE.initRow(document.getElementById(\"row-unique-2\"));<\/script><\/div><\/div><\/div><div data-parent=\"true\" class=\"vc_row row-container\" id=\"row-unique-3\"><div class=\"row limit-width row-parent\"><div class=\"wpb_row row-inner\"><div class=\"wpb_column pos-top pos-center align_left column_parent col-lg-12 single-internal-gutter\"><div class=\"uncol style-light\"  ><div class=\"uncoltable\"><div class=\"uncell no-block-padding\" ><div class=\"uncont\" ><div class=\"vc_custom_heading_wrap\"><div class=\"heading-text el-text\" ><\/p>\n<h2>Entrust the preparation of environmental declarations to the experts at Interzero!<\/h2>\n<p>\n<\/div><div class=\"clear\"><\/div><\/div><div class=\"uncode_text_column\" ><p>Did you know that you can delegate your reporting responsibilities to Interzero's environmental experts? Within the scope of our activities, we take over the tedious and time-consuming tasks of data collection, preparation of environmental reports and reports and their submission within the legal deadlines from employers in an integrated manner.<\/p>\n<p>As an organisation with over 30 years of experience in the industry, we can guarantee total professionalism and the highest quality of services provided. If you are having trouble defining your reporting obligations, schedule a consultation with an Interzero expert or commission an audit. The audit will allow you to verify the scope of responsibilities you need to perform in relation to your business.<\/p>\n<\/div><\/div><\/div><\/div><\/div><\/div><script id=\"script-row-unique-3\" data-row=\"script-row-unique-3\" type=\"text\/javascript\" class=\"vc_controls\">UNCODE.initRow(document.getElementById(\"row-unique-3\"));<\/script><\/div><\/div><\/div><div data-parent=\"true\" class=\"vc_row row-container\" id=\"row-unique-4\"><div class=\"row limit-width row-parent\"><div class=\"wpb_row row-inner\"><div class=\"wpb_column pos-top pos-center align_left column_parent col-lg-12 single-internal-gutter\"><div class=\"uncol style-light\"  ><div class=\"uncoltable\"><div class=\"uncell no-block-padding\" ><div class=\"uncont\" ><div class=\"vc_custom_heading_wrap\"><div class=\"heading-text el-text\" ><\/p>\n<h2>What environmental declarations do we prepare for our clients?<\/h2>\n<p>\n<\/div><div class=\"clear\"><\/div><\/div><div class=\"uncode_text_column\" ><p>to be filled<\/p>\n<\/div><\/div><\/div><\/div><\/div><\/div><script id=\"script-row-unique-4\" data-row=\"script-row-unique-4\" type=\"text\/javascript\" class=\"vc_controls\">UNCODE.initRow(document.getElementById(\"row-unique-4\"));<\/script><\/div><\/div><\/div><div data-parent=\"true\" class=\"vc_row row-container\" id=\"row-unique-5\"><div class=\"row limit-width row-parent\"><div class=\"wpb_row row-inner\"><div class=\"wpb_column pos-top pos-center align_left column_parent col-lg-12 single-internal-gutter\"><div class=\"uncol style-light\"  ><div class=\"uncoltable\"><div class=\"uncell no-block-padding\" ><div class=\"uncont\" ><div class=\"vc_custom_heading_wrap\"><div class=\"heading-text el-text\" ><\/p>\n<h2>Why pass on Interzero's environmental statements?<\/h2>\n<p>\n<\/div><div class=\"clear\"><\/div><\/div><div class=\"uncode_text_column\" ><p>Trusting your environmental reports to Interzero's specialists guarantees you:<\/p>\n<ul>\n<li>reliable reports and statements,<\/li>\n<li>submission of complete documents within the required deadlines,<\/li>\n<li>100% compliance with the reporting obligations that the law imposes on your company,<\/li>\n<li>saving your time and that of your employees,<\/li>\n<li>avoidance of penalties for non-compliance or unreliable compliance with reporting obligations.<\/li>\n<\/ul>\n<p>To benefit from our services, <strong>please write to us using the contact form below or to the e-mail address provided.<\/strong>. In response, you will receive the best offer for your company, in which we guarantee to take care of your bureaucratic obligations and free you from having to meet numerous legal deadlines.<\/p>\n<\/div><\/div><\/div><\/div><\/div><\/div><script id=\"script-row-unique-5\" data-row=\"script-row-unique-5\" type=\"text\/javascript\" class=\"vc_controls\">UNCODE.initRow(document.getElementById(\"row-unique-5\"));<\/script><\/div><\/div><\/div><div data-parent=\"true\" class=\"vc_row row-container\" id=\"row-unique-6\"><div class=\"row limit-width row-parent\"><div class=\"wpb_row row-inner\"><div class=\"wpb_column pos-top pos-center align_left column_parent col-lg-12 single-internal-gutter\"><div class=\"uncol style-light\"  ><div class=\"uncoltable\"><div class=\"uncell no-block-padding\" ><div class=\"uncont\" ><div class=\"vc_custom_heading_wrap\"><div class=\"heading-text el-text\" ><\/p>\n<h3>Make sure you file your environmental declarations on time!<\/h3>\n<p>\n<\/div><div class=\"clear\"><\/div><\/div><div class=\"uncode_text_column\" ><p>Failure to submit environmental reports on time can have unpleasant consequences for your company - check the deadlines for meeting your obligations!<\/p>\n<\/div><\/div><\/div><\/div><\/div><\/div><script id=\"script-row-unique-6\" data-row=\"script-row-unique-6\" type=\"text\/javascript\" class=\"vc_controls\">UNCODE.initRow(document.getElementById(\"row-unique-6\"));<\/script><\/div><\/div><\/div><div data-parent=\"true\" class=\"vc_row hidden row-container\" id=\"row-unique-8\"><div class=\"row limit-width row-parent\"><div class=\"wpb_row row-inner\"><div class=\"wpb_column pos-top pos-center align_left column_parent col-lg-12 single-internal-gutter\"><div class=\"uncol style-light\"  ><div class=\"uncoltable\"><div class=\"uncell single-block-padding style-color-lxmt-bg has-bg\" ><div class=\"uncont\" ><div class=\"uncode_text_column\" ><\/p>\n<h2 style=\"text-align: center\"><strong>Czekamy na Ciebie. Skontaktuj si\u0119 z nami.<\/strong><\/h2>\n<p>\n<\/div><div class=\"vc_row row-internal row-container\"><div class=\"row row-child\"><div class=\"wpb_row row-inner\"><div class=\"wpb_column pos-top pos-center align_center column_child col-lg-6 half-internal-gutter\"><div class=\"uncol style-light\" ><div class=\"uncoltable\"><div class=\"uncell one-block-padding\" ><div class=\"uncont\" ><div class=\"uncode-single-media  text-center\"><div class=\"single-wrapper\" style=\"max-width: 250px;\"><div class=\"tmb tmb-light  img-circle tmb-img-ratio tmb-media-first tmb-media-last tmb-content-overlay tmb-no-bg\"><div class=\"t-inside\"><div class=\"t-entry-visual\"><div class=\"t-entry-visual-tc\"><div class=\"uncode-single-media-wrapper img-circle\"><div class=\"dummy\" style=\"padding-top: 100%;\"><\/div><img decoding=\"async\" class=\"wp-image-4471\" src=\"https:\/\/interzero.es\/wp-content\/uploads\/sites\/16\/2022\/12\/logo-kreis-400x400-1-uai-258x258-1.png\" width=\"258\" height=\"258\" alt=\"Interzero logo\" srcset=\"https:\/\/interzero.es\/wp-content\/uploads\/sites\/16\/2022\/12\/logo-kreis-400x400-1-uai-258x258-1.png 258w, https:\/\/interzero.es\/wp-content\/uploads\/sites\/16\/2022\/12\/logo-kreis-400x400-1-uai-258x258-1-150x150.png 150w, https:\/\/interzero.es\/wp-content\/uploads\/sites\/16\/2022\/12\/logo-kreis-400x400-1-uai-258x258-1-250x250.png 250w\" sizes=\"(max-width: 258px) 100vw, 258px\" \/><\/div>\n\t\t\t\t\t<\/div>\n\t\t\t\t<\/div><\/div><\/div><\/div><\/div><\/div><\/div><\/div><\/div><\/div><div class=\"wpb_column pos-top pos-center align_left column_child col-lg-6 single-internal-gutter\"><div class=\"uncol style-light\" ><div class=\"uncoltable\"><div class=\"uncell single-block-padding\" ><div class=\"uncont\" ><div class=\"icon-box icon-box-left\" ><div class=\"icon-box-icon fa-container\"><span class=\"text-color-184177-color btn-disable-hover\"><i class=\"fa fa-envelope fa-2x fa-fw\"><\/i><\/span><\/div><div class=\"icon-box-content\"><div class=\"icon-box-heading icon-box-fa-2x\"><h4 class=\"h4\">biuro@l.interzero.at\/es<\/h4><\/div><\/div><\/div><div class=\"icon-box icon-box-left\" ><div class=\"icon-box-icon fa-container\"><span class=\"text-color-184177-color btn-disable-hover\"><i class=\"fa fa-phone fa-2x fa-fw\"><\/i><\/span><\/div><div class=\"icon-box-content\"><div class=\"icon-box-heading icon-box-fa-2x\"><h4 class=\"h4\">+48 22 742 10 22<\/h4><\/div><\/div><\/div><\/div><\/div><\/div><\/div><\/div><\/div><\/div><\/div><\/div><\/div><\/div><\/div><\/div><script id=\"script-row-unique-8\" data-row=\"script-row-unique-8\" type=\"text\/javascript\" class=\"vc_controls\">UNCODE.initRow(document.getElementById(\"row-unique-8\"));<\/script><\/div><\/div><\/div>\n<\/div>","protected":false},"excerpt":{"rendered":"Annual and quarterly product and material declarationsThe periodic preparation of environmental declarations and annual and quarterly product and material declarations [...]","protected":false},"author":23,"featured_media":4849,"parent":4967,"menu_order":100,"comment_status":"closed","ping_status":"closed","template":"","meta":{"_acf_changed":false,"inline_featured_image":false,"footnotes":""},"wf_page_folders":[76],"class_list":["post-4844","page","type-page","status-publish","has-post-thumbnail","hentry","page_category-pl"],"acf":[],"yoast_head":"<!-- This site is optimized with the Yoast SEO plugin v26.4 - https:\/\/yoast.com\/wordpress\/plugins\/seo\/ -->\n<title>Declaraciones anuales y trimestrales de productos y materiales<\/title>\n<meta name=\"description\" content=\"Delega tu obligaci\u00f3n de elaborar informes y declaraciones sobre protecci\u00f3n medioambiental a expertos. \u00a1Entra y descubre la mejor oferta!\" \/>\n<meta name=\"robots\" content=\"index, follow, max-snippet:-1, max-image-preview:large, max-video-preview:-1\" \/>\n<link rel=\"canonical\" href=\"https:\/\/interzero.es\/en\/services\/waste-management\/reports\/\" \/>\n<meta property=\"og:locale\" content=\"en_GB\" \/>\n<meta property=\"og:type\" content=\"article\" \/>\n<meta property=\"og:title\" content=\"Declaraciones anuales y trimestrales de productos y materiales\" \/>\n<meta property=\"og:description\" content=\"Delega tu obligaci\u00f3n de elaborar informes y declaraciones sobre protecci\u00f3n medioambiental a expertos. \u00a1Entra y descubre la mejor oferta!\" \/>\n<meta property=\"og:url\" content=\"https:\/\/interzero.es\/en\/services\/waste-management\/reports\/\" \/>\n<meta property=\"og:site_name\" content=\"Interzero Espa\u00f1a\" \/>\n<meta property=\"article:publisher\" content=\"https:\/\/www.facebook.com\/InterzeroPolska\" \/>\n<meta property=\"article:modified_time\" content=\"2025-06-10T09:36:33+00:00\" \/>\n<meta property=\"og:image\" content=\"https:\/\/interzero.es\/wp-content\/uploads\/sites\/16\/2023\/11\/dokumenty-srodowisko-interzero-jpg.webp\" \/>\n\t<meta property=\"og:image:width\" content=\"1920\" \/>\n\t<meta property=\"og:image:height\" content=\"1080\" \/>\n\t<meta property=\"og:image:type\" content=\"image\/jpeg\" \/>\n<meta name=\"twitter:card\" content=\"summary_large_image\" \/>\n<meta name=\"twitter:title\" content=\"Declaraciones anuales y trimestrales de productos y materiales\" \/>\n<meta name=\"twitter:description\" content=\"Delega tu obligaci\u00f3n de elaborar informes y declaraciones sobre protecci\u00f3n medioambiental a expertos. \u00a1Entra y descubre la mejor oferta!\" \/>\n<meta name=\"twitter:image\" content=\"https:\/\/interzero.es\/wp-content\/uploads\/sites\/16\/2023\/11\/dokumenty-srodowisko-interzero-jpg.webp\" \/>\n<meta name=\"twitter:site\" content=\"@InterzeroPolska\" \/>\n<meta name=\"twitter:label1\" content=\"Estimated reading time\" \/>\n\t<meta name=\"twitter:data1\" content=\"3 minutes\" \/>\n<script type=\"application\/ld+json\" class=\"yoast-schema-graph\">{\"@context\":\"https:\/\/schema.org\",\"@graph\":[{\"@type\":\"WebPage\",\"@id\":\"https:\/\/interzero.es\/servicios\/gestion-de-residuos\/declaraciones-de-productos-y-materiales\/\",\"url\":\"https:\/\/interzero.es\/servicios\/gestion-de-residuos\/declaraciones-de-productos-y-materiales\/\",\"name\":\"Declaraciones anuales y trimestrales de productos y materiales\",\"isPartOf\":{\"@id\":\"https:\/\/interzero.es\/#website\"},\"primaryImageOfPage\":{\"@id\":\"https:\/\/interzero.es\/servicios\/gestion-de-residuos\/declaraciones-de-productos-y-materiales\/#primaryimage\"},\"image\":{\"@id\":\"https:\/\/interzero.es\/servicios\/gestion-de-residuos\/declaraciones-de-productos-y-materiales\/#primaryimage\"},\"thumbnailUrl\":\"https:\/\/interzero.es\/wp-content\/uploads\/sites\/16\/2023\/01\/Teraz-srodowisko-55.png\",\"datePublished\":\"2023-01-12T11:54:10+00:00\",\"dateModified\":\"2025-06-10T09:36:33+00:00\",\"description\":\"Delega tu obligaci\u00f3n de elaborar informes y declaraciones sobre protecci\u00f3n medioambiental a expertos. \u00a1Entra y descubre la mejor oferta!\",\"breadcrumb\":{\"@id\":\"https:\/\/interzero.es\/servicios\/gestion-de-residuos\/declaraciones-de-productos-y-materiales\/#breadcrumb\"},\"inLanguage\":\"en-GB\",\"potentialAction\":[{\"@type\":\"ReadAction\",\"target\":[\"https:\/\/interzero.es\/servicios\/gestion-de-residuos\/declaraciones-de-productos-y-materiales\/\"]}]},{\"@type\":\"ImageObject\",\"inLanguage\":\"en-GB\",\"@id\":\"https:\/\/interzero.es\/servicios\/gestion-de-residuos\/declaraciones-de-productos-y-materiales\/#primaryimage\",\"url\":\"https:\/\/interzero.es\/wp-content\/uploads\/sites\/16\/2023\/01\/Teraz-srodowisko-55.png\",\"contentUrl\":\"https:\/\/interzero.es\/wp-content\/uploads\/sites\/16\/2023\/01\/Teraz-srodowisko-55.png\",\"width\":1920,\"height\":1080,\"caption\":\"d\u0142o\u0144 naciska przyciski kalkulatora; obok raporty i sprawozdania \u015brodowiskowe: pe\u0142na sprawozdawczo\u015b\u0107 \u015brodowiskowa firmy\"},{\"@type\":\"BreadcrumbList\",\"@id\":\"https:\/\/interzero.es\/servicios\/gestion-de-residuos\/declaraciones-de-productos-y-materiales\/#breadcrumb\",\"itemListElement\":[{\"@type\":\"ListItem\",\"position\":1,\"name\":\"Home\",\"item\":\"https:\/\/interzero.es\/\"},{\"@type\":\"ListItem\",\"position\":2,\"name\":\"Servicios\",\"item\":\"https:\/\/interzero.es\/servicios\/\"},{\"@type\":\"ListItem\",\"position\":3,\"name\":\"Gesti\u00f3n de residuos\",\"item\":\"https:\/\/interzero.es\/servicios\/gestion-de-residuos\/\"},{\"@type\":\"ListItem\",\"position\":4,\"name\":\"Declaraciones anuales y trimestrales de productos y materiales\"}]},{\"@type\":\"WebSite\",\"@id\":\"https:\/\/interzero.es\/#website\",\"url\":\"https:\/\/interzero.es\/\",\"name\":\"Interzero Polska | Rozwi\u0105zania dla \u015bwiata bez odpad\u00f3w\",\"description\":\"Ofrecemos soluciones medioambientales innovadoras y completas\",\"publisher\":{\"@id\":\"https:\/\/interzero.es\/#organization\"},\"potentialAction\":[{\"@type\":\"SearchAction\",\"target\":{\"@type\":\"EntryPoint\",\"urlTemplate\":\"https:\/\/interzero.es\/?s={search_term_string}\"},\"query-input\":{\"@type\":\"PropertyValueSpecification\",\"valueRequired\":true,\"valueName\":\"search_term_string\"}}],\"inLanguage\":\"en-GB\"},{\"@type\":\"Organization\",\"@id\":\"https:\/\/interzero.es\/#organization\",\"name\":\"Interzero Polska\",\"url\":\"https:\/\/interzero.es\/\",\"logo\":{\"@type\":\"ImageObject\",\"inLanguage\":\"en-GB\",\"@id\":\"https:\/\/interzero.es\/#\/schema\/logo\/image\/\",\"url\":\"https:\/\/l.interzero.at\/es\/wp-content\/uploads\/sites\/16\/2024\/07\/Interzero.png\",\"contentUrl\":\"https:\/\/l.interzero.at\/es\/wp-content\/uploads\/sites\/16\/2024\/07\/Interzero.png\",\"width\":1920,\"height\":1080,\"caption\":\"Interzero Polska\"},\"image\":{\"@id\":\"https:\/\/interzero.es\/#\/schema\/logo\/image\/\"},\"sameAs\":[\"https:\/\/www.facebook.com\/InterzeroPolska\",\"https:\/\/x.com\/InterzeroPolska\",\"https:\/\/www.linkedin.com\/company\/interzero-zero-waste-solutions\/\"]}]}<\/script>\n<!-- \/ Yoast SEO plugin. -->","yoast_head_json":{"title":"Annual and quarterly declarations of products and materials","description":"Delegate your obligation to prepare environmental protection reports and declarations to experts - come and discover the best offer!","robots":{"index":"index","follow":"follow","max-snippet":"max-snippet:-1","max-image-preview":"max-image-preview:large","max-video-preview":"max-video-preview:-1"},"canonical":"https:\/\/interzero.es\/en\/services\/waste-management\/reports\/","og_locale":"en_GB","og_type":"article","og_title":"Declaraciones anuales y trimestrales de productos y materiales","og_description":"Delega tu obligaci\u00f3n de elaborar informes y declaraciones sobre protecci\u00f3n medioambiental a expertos. \u00a1Entra y descubre la mejor oferta!","og_url":"https:\/\/interzero.es\/en\/services\/waste-management\/reports\/","og_site_name":"Interzero Espa\u00f1a","article_publisher":"https:\/\/www.facebook.com\/InterzeroPolska","article_modified_time":"2025-06-10T09:36:33+00:00","og_image":[{"width":1920,"height":1080,"url":"https:\/\/interzero.es\/wp-content\/uploads\/sites\/16\/2023\/11\/dokumenty-srodowisko-interzero-jpg.webp","type":"image\/jpeg"}],"twitter_card":"summary_large_image","twitter_title":"Declaraciones anuales y trimestrales de productos y materiales","twitter_description":"Delega tu obligaci\u00f3n de elaborar informes y declaraciones sobre protecci\u00f3n medioambiental a expertos. \u00a1Entra y descubre la mejor oferta!","twitter_image":"https:\/\/interzero.es\/wp-content\/uploads\/sites\/16\/2023\/11\/dokumenty-srodowisko-interzero-jpg.webp","twitter_site":"@InterzeroPolska","twitter_misc":{"Estimated reading time":"3 minutes"},"schema":{"@context":"https:\/\/schema.org","@graph":[{"@type":"WebPage","@id":"https:\/\/interzero.es\/servicios\/gestion-de-residuos\/declaraciones-de-productos-y-materiales\/","url":"https:\/\/interzero.es\/servicios\/gestion-de-residuos\/declaraciones-de-productos-y-materiales\/","name":"Annual and quarterly declarations of products and materials","isPartOf":{"@id":"https:\/\/interzero.es\/#website"},"primaryImageOfPage":{"@id":"https:\/\/interzero.es\/servicios\/gestion-de-residuos\/declaraciones-de-productos-y-materiales\/#primaryimage"},"image":{"@id":"https:\/\/interzero.es\/servicios\/gestion-de-residuos\/declaraciones-de-productos-y-materiales\/#primaryimage"},"thumbnailUrl":"https:\/\/interzero.es\/wp-content\/uploads\/sites\/16\/2023\/01\/Teraz-srodowisko-55.png","datePublished":"2023-01-12T11:54:10+00:00","dateModified":"2025-06-10T09:36:33+00:00","description":"Delegate your obligation to prepare environmental protection reports and declarations to experts - come and discover the best offer!","breadcrumb":{"@id":"https:\/\/interzero.es\/servicios\/gestion-de-residuos\/declaraciones-de-productos-y-materiales\/#breadcrumb"},"inLanguage":"en-GB","potentialAction":[{"@type":"ReadAction","target":["https:\/\/interzero.es\/servicios\/gestion-de-residuos\/declaraciones-de-productos-y-materiales\/"]}]},{"@type":"ImageObject","inLanguage":"en-GB","@id":"https:\/\/interzero.es\/servicios\/gestion-de-residuos\/declaraciones-de-productos-y-materiales\/#primaryimage","url":"https:\/\/interzero.es\/wp-content\/uploads\/sites\/16\/2023\/01\/Teraz-srodowisko-55.png","contentUrl":"https:\/\/interzero.es\/wp-content\/uploads\/sites\/16\/2023\/01\/Teraz-srodowisko-55.png","width":1920,"height":1080,"caption":"d\u0142o\u0144 naciska przyciski kalkulatora; obok raporty i sprawozdania \u015brodowiskowe: pe\u0142na sprawozdawczo\u015b\u0107 \u015brodowiskowa firmy"},{"@type":"BreadcrumbList","@id":"https:\/\/interzero.es\/servicios\/gestion-de-residuos\/declaraciones-de-productos-y-materiales\/#breadcrumb","itemListElement":[{"@type":"ListItem","position":1,"name":"Home","item":"https:\/\/interzero.es\/"},{"@type":"ListItem","position":2,"name":"Servicios","item":"https:\/\/interzero.es\/servicios\/"},{"@type":"ListItem","position":3,"name":"Gesti\u00f3n de residuos","item":"https:\/\/interzero.es\/servicios\/gestion-de-residuos\/"},{"@type":"ListItem","position":4,"name":"Declaraciones anuales y trimestrales de productos y materiales"}]},{"@type":"WebSite","@id":"https:\/\/interzero.es\/#website","url":"https:\/\/interzero.es\/","name":"Interzero Polska | Rozwi\u0105zania dla \u015bwiata bez odpad\u00f3w","description":"We offer innovative and comprehensive environmental solutions","publisher":{"@id":"https:\/\/interzero.es\/#organization"},"potentialAction":[{"@type":"SearchAction","target":{"@type":"EntryPoint","urlTemplate":"https:\/\/interzero.es\/?s={search_term_string}"},"query-input":{"@type":"PropertyValueSpecification","valueRequired":true,"valueName":"search_term_string"}}],"inLanguage":"en-GB"},{"@type":"Organization","@id":"https:\/\/interzero.es\/#organization","name":"Interzero Polska","url":"https:\/\/interzero.es\/","logo":{"@type":"ImageObject","inLanguage":"en-GB","@id":"https:\/\/interzero.es\/#\/schema\/logo\/image\/","url":"https:\/\/l.interzero.at\/es\/wp-content\/uploads\/sites\/16\/2024\/07\/Interzero.png","contentUrl":"https:\/\/l.interzero.at\/es\/wp-content\/uploads\/sites\/16\/2024\/07\/Interzero.png","width":1920,"height":1080,"caption":"Interzero Polska"},"image":{"@id":"https:\/\/interzero.es\/#\/schema\/logo\/image\/"},"sameAs":["https:\/\/www.facebook.com\/InterzeroPolska","https:\/\/x.com\/InterzeroPolska","https:\/\/www.linkedin.com\/company\/interzero-zero-waste-solutions\/"]}]}},"_links":{"self":[{"href":"https:\/\/interzero.es\/en\/wp-json\/wp\/v2\/pages\/4844","targetHints":{"allow":["GET"]}}],"collection":[{"href":"https:\/\/interzero.es\/en\/wp-json\/wp\/v2\/pages"}],"about":[{"href":"https:\/\/interzero.es\/en\/wp-json\/wp\/v2\/types\/page"}],"author":[{"embeddable":true,"href":"https:\/\/interzero.es\/en\/wp-json\/wp\/v2\/users\/23"}],"replies":[{"embeddable":true,"href":"https:\/\/interzero.es\/en\/wp-json\/wp\/v2\/comments?post=4844"}],"version-history":[{"count":26,"href":"https:\/\/interzero.es\/en\/wp-json\/wp\/v2\/pages\/4844\/revisions"}],"predecessor-version":[{"id":18686,"href":"https:\/\/interzero.es\/en\/wp-json\/wp\/v2\/pages\/4844\/revisions\/18686"}],"up":[{"embeddable":true,"href":"https:\/\/interzero.es\/en\/wp-json\/wp\/v2\/pages\/4967"}],"wp:featuredmedia":[{"embeddable":true,"href":"https:\/\/interzero.es\/en\/wp-json\/wp\/v2\/media\/4849"}],"wp:attachment":[{"href":"https:\/\/interzero.es\/en\/wp-json\/wp\/v2\/media?parent=4844"}],"wp:term":[{"taxonomy":"wf_page_folders","embeddable":true,"href":"https:\/\/interzero.es\/en\/wp-json\/wp\/v2\/wf_page_folders?post=4844"}],"curies":[{"name":"wp","href":"https:\/\/api.w.org\/{rel}","templated":true}]}}