{"id":4813,"date":"2023-01-12T10:50:47","date_gmt":"2023-01-12T09:50:47","guid":{"rendered":"https:\/\/l.interzero.at\/es\/?page_id=4813"},"modified":"2025-06-05T14:02:16","modified_gmt":"2025-06-05T12:02:16","slug":"optimizacion-de-la-gestion-de-residuos","status":"publish","type":"page","link":"https:\/\/interzero.es\/en\/services\/waste-management\/optimisation-of-waste-management\/","title":{"rendered":"Optimisation of waste management"},"content":{"rendered":"<div class=\"wpb-content-wrapper\"><div data-parent=\"true\" class=\"vc_row row-container\" id=\"row-unique-0\"><div class=\"row limit-width row-parent\"><div class=\"wpb_row row-inner\"><div class=\"wpb_column pos-top pos-center align_center column_parent col-lg-12 single-internal-gutter\"><div class=\"uncol style-light\"  ><div class=\"uncoltable\"><div class=\"uncell no-block-padding\" ><div class=\"uncont\" ><div class=\"vc_custom_heading_wrap\"><div class=\"heading-text el-text\" ><\/p>\n<h1><strong>Reduce the costs of waste management in your company<\/strong><\/h1>\n<p>\n<\/div><div class=\"clear\"><\/div><\/div><\/div><\/div><\/div><\/div><\/div><script id=\"script-row-unique-0\" data-row=\"script-row-unique-0\" type=\"text\/javascript\" class=\"vc_controls\">UNCODE.initRow(document.getElementById(\"row-unique-0\"));<\/script><\/div><\/div><\/div><div data-parent=\"true\" class=\"vc_row row-container\" id=\"row-unique-1\"><div class=\"row limit-width row-parent\"><div class=\"wpb_row row-inner\"><div class=\"wpb_column pos-top pos-center align_left column_parent col-lg-6 single-internal-gutter\"><div class=\"uncol style-light\"  ><div class=\"uncoltable\"><div class=\"uncell no-block-padding\" ><div class=\"uncont\" ><div class=\"uncode_text_column\" ><\/p>\n<p id=\"tw-target-text\" class=\"tw-data-text tw-text-large tw-ta\" dir=\"ltr\" data-placeholder=\"T\u0142umaczenie\" data-ved=\"2ahUKEwiw4Pf8m9eNAxXvFRAIHasDNHoQ3ewLegQIExAV\" aria-label=\"Przet\u0142umaczony tekst: Reduce the costs of waste management in your company If you want to reduce the costs related to waste management in your company, as well as improve and optimise environmental procedures, you can use 4 ready-made waste management models offered by Interzero specialists: Waste management audit: allows you to assess the state of waste management and the real possibilities for optimisation. an online system dedicated to waste management in chain companies: allows the coordination of integrated waste management, cost control and archiving of documentation. We will adapt it to your company&#039;s processes. Subcontracting of tools, machines and employees from Interzero, allowing you to reduce costs. waste collection directly in the waste areas of your company: no more waste lying on the ground or full containers in the yard. a man in work clothes performs activities on the panel to optimise waste management in the company See how the Waste Platform can help your company!\"><span class=\"Y2IQFc\" lang=\"es\">If you want to reduce the costs related to waste management in your company, as well as improve and optimise your environmental procedures, you can use <strong>4 waste management models<\/strong> The Interzero specialists offer ready-made solutions: <\/span><\/p>\n<ul>\n<li class=\"tw-data-text tw-text-large tw-ta\" dir=\"ltr\" data-placeholder=\"T\u0142umaczenie\" data-ved=\"2ahUKEwiw4Pf8m9eNAxXvFRAIHasDNHoQ3ewLegQIExAV\" aria-label=\"Przet\u0142umaczony tekst: Reduce the costs of waste management in your company If you want to reduce the costs related to waste management in your company, as well as improve and optimise environmental procedures, you can use 4 ready-made waste management models offered by Interzero specialists: Waste management audit: allows you to assess the state of waste management and the real possibilities for optimisation. an online system dedicated to waste management in chain companies: allows the coordination of integrated waste management, cost control and archiving of documentation. We will adapt it to your company&#039;s processes. Subcontracting of tools, machines and employees from Interzero, allowing you to reduce costs. waste collection directly in the waste areas of your company: no more waste lying on the ground or full containers in the yard. a man in work clothes performs activities on the panel to optimise waste management in the company See how the Waste Platform can help your company!\"><span class=\"Y2IQFc\" lang=\"es\"><strong>audit<\/strong> in the field of waste management - allows an assessment of the state of waste management and the real possibilities for optimisation,<\/span><\/li>\n<li class=\"tw-data-text tw-text-large tw-ta\" dir=\"ltr\" data-placeholder=\"T\u0142umaczenie\" data-ved=\"2ahUKEwiw4Pf8m9eNAxXvFRAIHasDNHoQ3ewLegQIExAV\" aria-label=\"Przet\u0142umaczony tekst: Reduce the costs of waste management in your company If you want to reduce the costs related to waste management in your company, as well as improve and optimise environmental procedures, you can use 4 ready-made waste management models offered by Interzero specialists: Waste management audit: allows you to assess the state of waste management and the real possibilities for optimisation. an online system dedicated to waste management in chain companies: allows the coordination of integrated waste management, cost control and archiving of documentation. We will adapt it to your company&#039;s processes. Subcontracting of tools, machines and employees from Interzero, allowing you to reduce costs. waste collection directly in the waste areas of your company: no more waste lying on the ground or full containers in the yard. a man in work clothes performs activities on the panel to optimise waste management in the company See how the Waste Platform can help your company!\"><span class=\"Y2IQFc\" lang=\"es\"><strong>a system<\/strong> online system dedicated to waste management in chain companies: it enables the coordination of integrated waste management, cost control and archiving of documentation. We will adapt it to your company's processes,<\/span><\/li>\n<li class=\"tw-data-text tw-text-large tw-ta\" dir=\"ltr\" data-placeholder=\"T\u0142umaczenie\" data-ved=\"2ahUKEwiw4Pf8m9eNAxXvFRAIHasDNHoQ3ewLegQIExAV\" aria-label=\"Przet\u0142umaczony tekst: Reduce the costs of waste management in your company If you want to reduce the costs related to waste management in your company, as well as improve and optimise environmental procedures, you can use 4 ready-made waste management models offered by Interzero specialists: Waste management audit: allows you to assess the state of waste management and the real possibilities for optimisation. an online system dedicated to waste management in chain companies: allows the coordination of integrated waste management, cost control and archiving of documentation. We will adapt it to your company&#039;s processes. Subcontracting of tools, machines and employees from Interzero, allowing you to reduce costs. waste collection directly in the waste areas of your company: no more waste lying on the ground or full containers in the yard. a man in work clothes performs activities on the panel to optimise waste management in the company See how the Waste Platform can help your company!\"><span class=\"Y2IQFc\" lang=\"es\"><strong>subcontracting<\/strong> of Interzero tools, machines and employees, thus reducing costs,<\/span><\/li>\n<li class=\"tw-data-text tw-text-large tw-ta\" dir=\"ltr\" data-placeholder=\"T\u0142umaczenie\" data-ved=\"2ahUKEwiw4Pf8m9eNAxXvFRAIHasDNHoQ3ewLegQIExAV\" aria-label=\"Przet\u0142umaczony tekst: Reduce the costs of waste management in your company If you want to reduce the costs related to waste management in your company, as well as improve and optimise environmental procedures, you can use 4 ready-made waste management models offered by Interzero specialists: Waste management audit: allows you to assess the state of waste management and the real possibilities for optimisation. an online system dedicated to waste management in chain companies: allows the coordination of integrated waste management, cost control and archiving of documentation. We will adapt it to your company&#039;s processes. Subcontracting of tools, machines and employees from Interzero, allowing you to reduce costs. waste collection directly in the waste areas of your company: no more waste lying on the ground or full containers in the yard. a man in work clothes performs activities on the panel to optimise waste management in the company See how the Waste Platform can help your company!\"><span class=\"Y2IQFc\" lang=\"es\"><strong>waste collection<\/strong> directly into the waste areas of your company: no more waste lying on the ground and no more full containers in the yard. <\/span><\/li>\n<\/ul>\n<p>\n<\/div><\/div><\/div><\/div><\/div><\/div><div class=\"wpb_column pos-top pos-center align_left column_parent col-lg-6 single-internal-gutter\"><div class=\"uncol style-light\"  ><div class=\"uncoltable\"><div class=\"uncell no-block-padding\" ><div class=\"uncont\" ><div class=\"uncode-single-media  text-left\"><div class=\"single-wrapper\" style=\"max-width: 100%;\"><div class=\"tmb tmb-light  tmb-media-first tmb-media-last tmb-content-overlay tmb-no-bg\"><div class=\"t-inside\"><div class=\"t-entry-visual\"><div class=\"t-entry-visual-tc\"><div class=\"uncode-single-media-wrapper\"><img decoding=\"async\" class=\"wp-image-4815\" src=\"https:\/\/interzero.es\/wp-content\/uploads\/sites\/16\/2023\/01\/Teraz-srodowisko-50.png\" width=\"1920\" height=\"1080\" alt=\"m\u0119\u017cczyzna w odzie\u017cy roboczej wykonuje przy panelu czynno\u015bci z zakresu optymalizacji gospodarki odpadami w firmie\" srcset=\"https:\/\/interzero.es\/wp-content\/uploads\/sites\/16\/2023\/01\/Teraz-srodowisko-50.png 1920w, https:\/\/interzero.es\/wp-content\/uploads\/sites\/16\/2023\/01\/Teraz-srodowisko-50-300x169.png 300w, https:\/\/interzero.es\/wp-content\/uploads\/sites\/16\/2023\/01\/Teraz-srodowisko-50-1024x576.png 1024w, https:\/\/interzero.es\/wp-content\/uploads\/sites\/16\/2023\/01\/Teraz-srodowisko-50-768x432.png 768w, https:\/\/interzero.es\/wp-content\/uploads\/sites\/16\/2023\/01\/Teraz-srodowisko-50-1536x864.png 1536w, https:\/\/interzero.es\/wp-content\/uploads\/sites\/16\/2023\/01\/Teraz-srodowisko-50-350x197.png 350w\" sizes=\"(max-width: 1920px) 100vw, 1920px\" \/><\/div>\n\t\t\t\t\t<\/div>\n\t\t\t\t<\/div><\/div><\/div><\/div><\/div><\/div><\/div><\/div><\/div><\/div><script id=\"script-row-unique-1\" data-row=\"script-row-unique-1\" type=\"text\/javascript\" class=\"vc_controls\">UNCODE.initRow(document.getElementById(\"row-unique-1\"));<\/script><\/div><\/div><\/div><div data-parent=\"true\" class=\"vc_row hidden row-container\" id=\"row-unique-2\"><div class=\"row limit-width row-parent\" data-height-ratio=\"10\"><div class=\"wpb_row row-inner\"><div class=\"wpb_column pos-top pos-center align_left column_parent col-lg-12 single-internal-gutter\"><div class=\"uncol style-light\"  ><div class=\"uncoltable\"><div class=\"uncell single-block-padding style-color-lxmt-bg has-bg\" ><div class=\"uncont\" ><div class=\"uncode_text_column\" ><\/p>\n<h2 style=\"text-align: center\">We look forward to hearing from you. Please do not hesitate to contact us.<\/h2>\n<p>\n<\/div><div class=\"vc_row row-internal row-container\"><div class=\"row row-child\"><div class=\"wpb_row row-inner\"><div class=\"wpb_column pos-top pos-center align_center column_child col-lg-6 half-internal-gutter\"><div class=\"uncol style-light\" ><div class=\"uncoltable\"><div class=\"uncell one-block-padding\" ><div class=\"uncont\" ><div class=\"uncode-single-media  text-center\"><div class=\"single-wrapper\" style=\"max-width: 250px;\"><div class=\"tmb tmb-light  img-circle tmb-img-ratio tmb-media-first tmb-media-last tmb-content-overlay tmb-no-bg\"><div class=\"t-inside\"><div class=\"t-entry-visual\"><div class=\"t-entry-visual-tc\"><div class=\"uncode-single-media-wrapper img-circle\"><div class=\"dummy\" style=\"padding-top: 100%;\"><\/div><img decoding=\"async\" class=\"wp-image-4471\" src=\"https:\/\/interzero.es\/wp-content\/uploads\/sites\/16\/2022\/12\/logo-kreis-400x400-1-uai-258x258-1.png\" width=\"258\" height=\"258\" alt=\"Interzero logo\" srcset=\"https:\/\/interzero.es\/wp-content\/uploads\/sites\/16\/2022\/12\/logo-kreis-400x400-1-uai-258x258-1.png 258w, https:\/\/interzero.es\/wp-content\/uploads\/sites\/16\/2022\/12\/logo-kreis-400x400-1-uai-258x258-1-150x150.png 150w, https:\/\/interzero.es\/wp-content\/uploads\/sites\/16\/2022\/12\/logo-kreis-400x400-1-uai-258x258-1-250x250.png 250w\" sizes=\"(max-width: 258px) 100vw, 258px\" \/><\/div>\n\t\t\t\t\t<\/div>\n\t\t\t\t<\/div><\/div><\/div><\/div><\/div><\/div><\/div><\/div><\/div><\/div><div class=\"wpb_column pos-top pos-center align_left column_child col-lg-6 single-internal-gutter\"><div class=\"uncol style-light\" ><div class=\"uncoltable\"><div class=\"uncell single-block-padding\" ><div class=\"uncont\" ><div class=\"icon-box icon-box-left\" ><div class=\"icon-box-icon fa-container\"><span class=\"text-color-184177-color btn-disable-hover\"><i class=\"fa fa-envelope fa-2x fa-fw\"><\/i><\/span><\/div><div class=\"icon-box-content\"><div class=\"icon-box-heading icon-box-fa-2x\"><h4 class=\"h4\">biuro@l.interzero.at\/es<\/h4><\/div><\/div><\/div><div class=\"icon-box icon-box-left\" ><div class=\"icon-box-icon fa-container\"><span class=\"text-color-184177-color btn-disable-hover\"><i class=\"fa fa-phone fa-2x fa-fw\"><\/i><\/span><\/div><div class=\"icon-box-content\"><div class=\"icon-box-heading icon-box-fa-2x\"><h4 class=\"h4\">+48 22 742 10 22<\/h4><\/div><\/div><\/div><\/div><\/div><\/div><\/div><\/div><\/div><\/div><\/div><\/div><\/div><\/div><\/div><\/div><script id=\"script-row-unique-2\" data-row=\"script-row-unique-2\" type=\"text\/javascript\" class=\"vc_controls\">UNCODE.initRow(document.getElementById(\"row-unique-2\"));<\/script><\/div><\/div><\/div>\n<\/div>","protected":false},"excerpt":{"rendered":"Reduce the costs of waste management in your company If you want to reduce the costs related to waste management in your [...]","protected":false},"author":23,"featured_media":4818,"parent":4967,"menu_order":21,"comment_status":"closed","ping_status":"closed","template":"","meta":{"_acf_changed":false,"inline_featured_image":false,"footnotes":""},"wf_page_folders":[76],"class_list":["post-4813","page","type-page","status-publish","has-post-thumbnail","hentry","page_category-pl"],"acf":[],"yoast_head":"<!-- This site is optimized with the Yoast SEO plugin v26.4 - https:\/\/yoast.com\/wordpress\/plugins\/seo\/ -->\n<title>Optimizaci\u00f3n de la gesti\u00f3n de residuos: servicios de Interzero<\/title>\n<meta name=\"description\" content=\"Mejoraremos la gesti\u00f3n de residuos en todas las empresas. Reducir\u00e1s costes, afinar\u00e1s la log\u00edstica y aumentar\u00e1s la eficiencia en la gesti\u00f3n de residuos\" \/>\n<meta name=\"robots\" content=\"index, follow, max-snippet:-1, max-image-preview:large, max-video-preview:-1\" \/>\n<link rel=\"canonical\" href=\"https:\/\/interzero.es\/en\/services\/waste-management\/optimisation-of-waste-management\/\" \/>\n<meta property=\"og:locale\" content=\"en_GB\" \/>\n<meta property=\"og:type\" content=\"article\" \/>\n<meta property=\"og:title\" content=\"Optimizaci\u00f3n de la gesti\u00f3n de residuos: servicios de Interzero\" \/>\n<meta property=\"og:description\" content=\"Mejoraremos la gesti\u00f3n de residuos en todas las empresas. Reducir\u00e1s costes, afinar\u00e1s la log\u00edstica y aumentar\u00e1s la eficiencia en la gesti\u00f3n de residuos\" \/>\n<meta property=\"og:url\" content=\"https:\/\/interzero.es\/en\/services\/waste-management\/optimisation-of-waste-management\/\" \/>\n<meta property=\"og:site_name\" content=\"Interzero Espa\u00f1a\" \/>\n<meta property=\"article:publisher\" content=\"https:\/\/www.facebook.com\/InterzeroPolska\" \/>\n<meta property=\"article:modified_time\" content=\"2025-06-05T12:02:16+00:00\" \/>\n<meta property=\"og:image\" content=\"https:\/\/interzero.es\/wp-content\/uploads\/sites\/16\/2023\/01\/Teraz-srodowisko-51.png\" \/>\n\t<meta property=\"og:image:width\" content=\"1920\" \/>\n\t<meta property=\"og:image:height\" content=\"1080\" \/>\n\t<meta property=\"og:image:type\" content=\"image\/png\" \/>\n<meta name=\"twitter:card\" content=\"summary_large_image\" \/>\n<meta name=\"twitter:site\" content=\"@InterzeroPolska\" \/>\n<meta name=\"twitter:label1\" content=\"Estimated reading time\" \/>\n\t<meta name=\"twitter:data1\" content=\"2 minutes\" \/>\n<script type=\"application\/ld+json\" class=\"yoast-schema-graph\">{\"@context\":\"https:\/\/schema.org\",\"@graph\":[{\"@type\":\"WebPage\",\"@id\":\"https:\/\/interzero.es\/servicios\/gestion-de-residuos\/optimizacion-de-la-gestion-de-residuos\/\",\"url\":\"https:\/\/interzero.es\/servicios\/gestion-de-residuos\/optimizacion-de-la-gestion-de-residuos\/\",\"name\":\"Optimizaci\u00f3n de la gesti\u00f3n de residuos: servicios de Interzero\",\"isPartOf\":{\"@id\":\"https:\/\/interzero.es\/#website\"},\"primaryImageOfPage\":{\"@id\":\"https:\/\/interzero.es\/servicios\/gestion-de-residuos\/optimizacion-de-la-gestion-de-residuos\/#primaryimage\"},\"image\":{\"@id\":\"https:\/\/interzero.es\/servicios\/gestion-de-residuos\/optimizacion-de-la-gestion-de-residuos\/#primaryimage\"},\"thumbnailUrl\":\"https:\/\/interzero.es\/wp-content\/uploads\/sites\/16\/2023\/01\/Teraz-srodowisko-51.png\",\"datePublished\":\"2023-01-12T09:50:47+00:00\",\"dateModified\":\"2025-06-05T12:02:16+00:00\",\"description\":\"Mejoraremos la gesti\u00f3n de residuos en todas las empresas. Reducir\u00e1s costes, afinar\u00e1s la log\u00edstica y aumentar\u00e1s la eficiencia en la gesti\u00f3n de residuos\",\"breadcrumb\":{\"@id\":\"https:\/\/interzero.es\/servicios\/gestion-de-residuos\/optimizacion-de-la-gestion-de-residuos\/#breadcrumb\"},\"inLanguage\":\"en-GB\",\"potentialAction\":[{\"@type\":\"ReadAction\",\"target\":[\"https:\/\/interzero.es\/servicios\/gestion-de-residuos\/optimizacion-de-la-gestion-de-residuos\/\"]}]},{\"@type\":\"ImageObject\",\"inLanguage\":\"en-GB\",\"@id\":\"https:\/\/interzero.es\/servicios\/gestion-de-residuos\/optimizacion-de-la-gestion-de-residuos\/#primaryimage\",\"url\":\"https:\/\/interzero.es\/wp-content\/uploads\/sites\/16\/2023\/01\/Teraz-srodowisko-51.png\",\"contentUrl\":\"https:\/\/interzero.es\/wp-content\/uploads\/sites\/16\/2023\/01\/Teraz-srodowisko-51.png\",\"width\":1920,\"height\":1080,\"caption\":\"2 osoby pracuj\u0105 nad optymalizacj\u0105 gospodarki odpadowej w firmie przy biurku, na kt\u00f3rym le\u017c\u0105 dokumenty i kalkulator\"},{\"@type\":\"BreadcrumbList\",\"@id\":\"https:\/\/interzero.es\/servicios\/gestion-de-residuos\/optimizacion-de-la-gestion-de-residuos\/#breadcrumb\",\"itemListElement\":[{\"@type\":\"ListItem\",\"position\":1,\"name\":\"Home\",\"item\":\"https:\/\/interzero.es\/\"},{\"@type\":\"ListItem\",\"position\":2,\"name\":\"Servicios\",\"item\":\"https:\/\/interzero.es\/servicios\/\"},{\"@type\":\"ListItem\",\"position\":3,\"name\":\"Gesti\u00f3n de residuos\",\"item\":\"https:\/\/interzero.es\/servicios\/gestion-de-residuos\/\"},{\"@type\":\"ListItem\",\"position\":4,\"name\":\"Optimizaci\u00f3n de la gesti\u00f3n de residuos\"}]},{\"@type\":\"WebSite\",\"@id\":\"https:\/\/interzero.es\/#website\",\"url\":\"https:\/\/interzero.es\/\",\"name\":\"Interzero Polska | Rozwi\u0105zania dla \u015bwiata bez odpad\u00f3w\",\"description\":\"Ofrecemos soluciones medioambientales innovadoras y completas\",\"publisher\":{\"@id\":\"https:\/\/interzero.es\/#organization\"},\"potentialAction\":[{\"@type\":\"SearchAction\",\"target\":{\"@type\":\"EntryPoint\",\"urlTemplate\":\"https:\/\/interzero.es\/?s={search_term_string}\"},\"query-input\":{\"@type\":\"PropertyValueSpecification\",\"valueRequired\":true,\"valueName\":\"search_term_string\"}}],\"inLanguage\":\"en-GB\"},{\"@type\":\"Organization\",\"@id\":\"https:\/\/interzero.es\/#organization\",\"name\":\"Interzero Polska\",\"url\":\"https:\/\/interzero.es\/\",\"logo\":{\"@type\":\"ImageObject\",\"inLanguage\":\"en-GB\",\"@id\":\"https:\/\/interzero.es\/#\/schema\/logo\/image\/\",\"url\":\"https:\/\/l.interzero.at\/es\/wp-content\/uploads\/sites\/16\/2024\/07\/Interzero.png\",\"contentUrl\":\"https:\/\/l.interzero.at\/es\/wp-content\/uploads\/sites\/16\/2024\/07\/Interzero.png\",\"width\":1920,\"height\":1080,\"caption\":\"Interzero Polska\"},\"image\":{\"@id\":\"https:\/\/interzero.es\/#\/schema\/logo\/image\/\"},\"sameAs\":[\"https:\/\/www.facebook.com\/InterzeroPolska\",\"https:\/\/x.com\/InterzeroPolska\",\"https:\/\/www.linkedin.com\/company\/interzero-zero-waste-solutions\/\"]}]}<\/script>\n<!-- \/ Yoast SEO plugin. -->","yoast_head_json":{"title":"Waste management optimisation: Interzero services","description":"We will improve waste management in all companies. You will reduce costs, streamline logistics and increase efficiency in waste management.","robots":{"index":"index","follow":"follow","max-snippet":"max-snippet:-1","max-image-preview":"max-image-preview:large","max-video-preview":"max-video-preview:-1"},"canonical":"https:\/\/interzero.es\/en\/services\/waste-management\/optimisation-of-waste-management\/","og_locale":"en_GB","og_type":"article","og_title":"Optimizaci\u00f3n de la gesti\u00f3n de residuos: servicios de Interzero","og_description":"Mejoraremos la gesti\u00f3n de residuos en todas las empresas. Reducir\u00e1s costes, afinar\u00e1s la log\u00edstica y aumentar\u00e1s la eficiencia en la gesti\u00f3n de residuos","og_url":"https:\/\/interzero.es\/en\/services\/waste-management\/optimisation-of-waste-management\/","og_site_name":"Interzero Espa\u00f1a","article_publisher":"https:\/\/www.facebook.com\/InterzeroPolska","article_modified_time":"2025-06-05T12:02:16+00:00","og_image":[{"width":1920,"height":1080,"url":"https:\/\/interzero.es\/wp-content\/uploads\/sites\/16\/2023\/01\/Teraz-srodowisko-51.png","type":"image\/png"}],"twitter_card":"summary_large_image","twitter_site":"@InterzeroPolska","twitter_misc":{"Estimated reading time":"2 minutes"},"schema":{"@context":"https:\/\/schema.org","@graph":[{"@type":"WebPage","@id":"https:\/\/interzero.es\/servicios\/gestion-de-residuos\/optimizacion-de-la-gestion-de-residuos\/","url":"https:\/\/interzero.es\/servicios\/gestion-de-residuos\/optimizacion-de-la-gestion-de-residuos\/","name":"Waste management optimisation: Interzero services","isPartOf":{"@id":"https:\/\/interzero.es\/#website"},"primaryImageOfPage":{"@id":"https:\/\/interzero.es\/servicios\/gestion-de-residuos\/optimizacion-de-la-gestion-de-residuos\/#primaryimage"},"image":{"@id":"https:\/\/interzero.es\/servicios\/gestion-de-residuos\/optimizacion-de-la-gestion-de-residuos\/#primaryimage"},"thumbnailUrl":"https:\/\/interzero.es\/wp-content\/uploads\/sites\/16\/2023\/01\/Teraz-srodowisko-51.png","datePublished":"2023-01-12T09:50:47+00:00","dateModified":"2025-06-05T12:02:16+00:00","description":"We will improve waste management in all companies. You will reduce costs, streamline logistics and increase efficiency in waste management.","breadcrumb":{"@id":"https:\/\/interzero.es\/servicios\/gestion-de-residuos\/optimizacion-de-la-gestion-de-residuos\/#breadcrumb"},"inLanguage":"en-GB","potentialAction":[{"@type":"ReadAction","target":["https:\/\/interzero.es\/servicios\/gestion-de-residuos\/optimizacion-de-la-gestion-de-residuos\/"]}]},{"@type":"ImageObject","inLanguage":"en-GB","@id":"https:\/\/interzero.es\/servicios\/gestion-de-residuos\/optimizacion-de-la-gestion-de-residuos\/#primaryimage","url":"https:\/\/interzero.es\/wp-content\/uploads\/sites\/16\/2023\/01\/Teraz-srodowisko-51.png","contentUrl":"https:\/\/interzero.es\/wp-content\/uploads\/sites\/16\/2023\/01\/Teraz-srodowisko-51.png","width":1920,"height":1080,"caption":"2 osoby pracuj\u0105 nad optymalizacj\u0105 gospodarki odpadowej w firmie przy biurku, na kt\u00f3rym le\u017c\u0105 dokumenty i kalkulator"},{"@type":"BreadcrumbList","@id":"https:\/\/interzero.es\/servicios\/gestion-de-residuos\/optimizacion-de-la-gestion-de-residuos\/#breadcrumb","itemListElement":[{"@type":"ListItem","position":1,"name":"Home","item":"https:\/\/interzero.es\/"},{"@type":"ListItem","position":2,"name":"Servicios","item":"https:\/\/interzero.es\/servicios\/"},{"@type":"ListItem","position":3,"name":"Gesti\u00f3n de residuos","item":"https:\/\/interzero.es\/servicios\/gestion-de-residuos\/"},{"@type":"ListItem","position":4,"name":"Optimizaci\u00f3n de la gesti\u00f3n de residuos"}]},{"@type":"WebSite","@id":"https:\/\/interzero.es\/#website","url":"https:\/\/interzero.es\/","name":"Interzero Polska | Rozwi\u0105zania dla \u015bwiata bez odpad\u00f3w","description":"We offer innovative and comprehensive environmental solutions","publisher":{"@id":"https:\/\/interzero.es\/#organization"},"potentialAction":[{"@type":"SearchAction","target":{"@type":"EntryPoint","urlTemplate":"https:\/\/interzero.es\/?s={search_term_string}"},"query-input":{"@type":"PropertyValueSpecification","valueRequired":true,"valueName":"search_term_string"}}],"inLanguage":"en-GB"},{"@type":"Organization","@id":"https:\/\/interzero.es\/#organization","name":"Interzero Polska","url":"https:\/\/interzero.es\/","logo":{"@type":"ImageObject","inLanguage":"en-GB","@id":"https:\/\/interzero.es\/#\/schema\/logo\/image\/","url":"https:\/\/l.interzero.at\/es\/wp-content\/uploads\/sites\/16\/2024\/07\/Interzero.png","contentUrl":"https:\/\/l.interzero.at\/es\/wp-content\/uploads\/sites\/16\/2024\/07\/Interzero.png","width":1920,"height":1080,"caption":"Interzero Polska"},"image":{"@id":"https:\/\/interzero.es\/#\/schema\/logo\/image\/"},"sameAs":["https:\/\/www.facebook.com\/InterzeroPolska","https:\/\/x.com\/InterzeroPolska","https:\/\/www.linkedin.com\/company\/interzero-zero-waste-solutions\/"]}]}},"_links":{"self":[{"href":"https:\/\/interzero.es\/en\/wp-json\/wp\/v2\/pages\/4813","targetHints":{"allow":["GET"]}}],"collection":[{"href":"https:\/\/interzero.es\/en\/wp-json\/wp\/v2\/pages"}],"about":[{"href":"https:\/\/interzero.es\/en\/wp-json\/wp\/v2\/types\/page"}],"author":[{"embeddable":true,"href":"https:\/\/interzero.es\/en\/wp-json\/wp\/v2\/users\/23"}],"replies":[{"embeddable":true,"href":"https:\/\/interzero.es\/en\/wp-json\/wp\/v2\/comments?post=4813"}],"version-history":[{"count":18,"href":"https:\/\/interzero.es\/en\/wp-json\/wp\/v2\/pages\/4813\/revisions"}],"predecessor-version":[{"id":18645,"href":"https:\/\/interzero.es\/en\/wp-json\/wp\/v2\/pages\/4813\/revisions\/18645"}],"up":[{"embeddable":true,"href":"https:\/\/interzero.es\/en\/wp-json\/wp\/v2\/pages\/4967"}],"wp:featuredmedia":[{"embeddable":true,"href":"https:\/\/interzero.es\/en\/wp-json\/wp\/v2\/media\/4818"}],"wp:attachment":[{"href":"https:\/\/interzero.es\/en\/wp-json\/wp\/v2\/media?parent=4813"}],"wp:term":[{"taxonomy":"wf_page_folders","embeddable":true,"href":"https:\/\/interzero.es\/en\/wp-json\/wp\/v2\/wf_page_folders?post=4813"}],"curies":[{"name":"wp","href":"https:\/\/api.w.org\/{rel}","templated":true}]}}