{"id":3940,"date":"2022-11-29T12:06:26","date_gmt":"2022-11-29T11:06:26","guid":{"rendered":"https:\/\/l.interzero.at\/pl\/live\/?page_id=3940"},"modified":"2022-11-29T15:04:53","modified_gmt":"2022-11-29T14:04:53","slug":"impressum","status":"publish","type":"page","link":"https:\/\/interzero.es\/en\/impressum\/","title":{"rendered":"Impressum"},"content":{"rendered":"<div class=\"wpb-content-wrapper\"><div data-parent=\"true\" class=\"vc_row row-container\" id=\"row-unique-0\"><div class=\"row single-top-padding triple-bottom-padding no-h-padding limit-width row-parent\"><div class=\"wpb_row row-inner\"><div class=\"wpb_column pos-top pos-center align_left column_parent col-lg-12 single-internal-gutter\"><div class=\"uncol style-light\"  ><div class=\"uncoltable\"><div class=\"uncell no-block-padding\" ><div class=\"uncont\" ><div class=\"uncode_text_column\" ><\/p>\n<h2><strong>Impressum<\/strong><\/h2>\n<p>Interzero Circular Solutions Europe GmbH<br \/>\nBIZ ZWEI, Vorgartenstra\u00dfe 206c<br \/>\n1020 Wien<br \/>\n\u00d6sterreich<\/p>\n<p>Phone +43 1 714 2005-0<br \/>\nFax +43 1 714 2005-9900<br \/>\nE-Mail office@l.interzero.at\/pl<\/p>\n<p>Gesch\u00e4ftsf\u00fchrer: Christian Gschiel, Martin Ulke<br \/>\nHandelsregisterinformationen: Handelsgericht Wien, FN 086160g<br \/>\nUmsatzsteuer-ID: ATU41869108<\/p>\n<p><strong>Betreuende Agentur:<\/strong><\/p>\n<p>handschlag 1.0<br \/>\nArgentinierstra\u00dfe 12\/20<br \/>\n1040 Wien<\/p>\n<p><strong>Urheberrechte<\/strong><\/p>\n<p>Copyright Interzero Dienstleistungs GmbH, K\u00f6ln, Deutschland.<\/p>\n<p>All rights reserved. Text, images, graphics, sound, animations and videos as well as their arrangement on this website are subject to the protection of copyright and other protections. Es wird untersagt, den Inhalt dieser Website oder Teile davon, zu kommerziellen oder auch zu privaten Zwecken auf anderen Internetseiten zu verwenden.<\/p>\n<p><strong>Markenzeichen<\/strong><\/p>\n<p>Soweit nicht anders angegegeben, sind alle Markenzeichen auf dieser Website markenrechtlich gesch\u00fctzt.<\/p>\n<p><strong>Haftung<\/strong><\/p>\n<p>Sofern von dieser Website auf Internetseiten verwiesen wird, die von Dritten betrieben werden, \u00fcbernimmt die Interzero keine Haftung f\u00fcr deren Inhalte, es sei denn Interzero hat von den Inhalten Kenntnis und es ist technisch m\u00f6glich und zumutbar, die Nutzung der Links im Falle rechtswidriger Inhalte zu verhindern. Es wird darauf hingewiesen, dass es sich bei den Inhalten der von Dritten betriebenen Seiten um fremde Inhalte handelt, die sich Interzero ausdr\u00fccklich nicht zu eigen macht und auf die Interzero keinen Einfluss hat. Die Verantwortung f\u00fcr diese Inhalte liegt beim jeweiligen Anbieter. Interzero does not accept any liability for damage resulting from the use of these inhalations.<\/p>\n<p>The use of the Internet is based on the user's own experience, Interzero is primarily not responsible for the technically necessary failure of the Internet or the access to the Internet.<\/p>\n<\/div><\/div><\/div><\/div><\/div><\/div><script id=\"script-row-unique-0\" data-row=\"script-row-unique-0\" type=\"text\/javascript\" class=\"vc_controls\">UNCODE.initRow(document.getElementById(\"row-unique-0\"));<\/script><\/div><\/div><\/div>\n<\/div>","protected":false},"excerpt":{"rendered":"Impressum Interzero Circular Solutions Europe GmbH BIZ ZWEI, Vorgartenstra\u00dfe 206c 1020 Wien \u00d6sterreich Telefon +43 1 714 2005-0 Fax +43 1 714 2005-0","protected":false},"author":4,"featured_media":0,"parent":0,"menu_order":0,"comment_status":"closed","ping_status":"closed","template":"","meta":{"_acf_changed":false,"inline_featured_image":false,"footnotes":""},"wf_page_folders":[68],"class_list":["post-3940","page","type-page","status-publish","hentry","page_category-at"],"acf":[],"yoast_head":"<!-- This site is optimized with the Yoast SEO plugin v26.4 - https:\/\/yoast.com\/wordpress\/plugins\/seo\/ -->\n<title>Impressum - Interzero Espa\u00f1a<\/title>\n<meta name=\"robots\" content=\"index, follow, max-snippet:-1, max-image-preview:large, max-video-preview:-1\" \/>\n<link rel=\"canonical\" href=\"https:\/\/interzero.es\/en\/impressum\/\" \/>\n<meta property=\"og:locale\" content=\"en_GB\" \/>\n<meta property=\"og:type\" content=\"article\" \/>\n<meta property=\"og:title\" content=\"Impressum - Interzero Espa\u00f1a\" \/>\n<meta property=\"og:url\" content=\"https:\/\/interzero.es\/en\/impressum\/\" \/>\n<meta property=\"og:site_name\" content=\"Interzero Espa\u00f1a\" \/>\n<meta property=\"article:publisher\" content=\"https:\/\/www.facebook.com\/InterzeroPolska\" \/>\n<meta property=\"article:modified_time\" content=\"2022-11-29T14:04:53+00:00\" \/>\n<meta name=\"twitter:card\" content=\"summary_large_image\" \/>\n<meta name=\"twitter:site\" content=\"@InterzeroPolska\" \/>\n<meta name=\"twitter:label1\" content=\"Estimated reading time\" \/>\n\t<meta name=\"twitter:data1\" content=\"1 minute\" \/>\n<script type=\"application\/ld+json\" class=\"yoast-schema-graph\">{\"@context\":\"https:\/\/schema.org\",\"@graph\":[{\"@type\":\"WebPage\",\"@id\":\"https:\/\/interzero.es\/impressum\/\",\"url\":\"https:\/\/interzero.es\/impressum\/\",\"name\":\"Impressum - Interzero Espa\u00f1a\",\"isPartOf\":{\"@id\":\"https:\/\/interzero.es\/#website\"},\"datePublished\":\"2022-11-29T11:06:26+00:00\",\"dateModified\":\"2022-11-29T14:04:53+00:00\",\"breadcrumb\":{\"@id\":\"https:\/\/interzero.es\/impressum\/#breadcrumb\"},\"inLanguage\":\"en-GB\",\"potentialAction\":[{\"@type\":\"ReadAction\",\"target\":[\"https:\/\/interzero.es\/impressum\/\"]}]},{\"@type\":\"BreadcrumbList\",\"@id\":\"https:\/\/interzero.es\/impressum\/#breadcrumb\",\"itemListElement\":[{\"@type\":\"ListItem\",\"position\":1,\"name\":\"Home\",\"item\":\"https:\/\/interzero.es\/\"},{\"@type\":\"ListItem\",\"position\":2,\"name\":\"Impressum\"}]},{\"@type\":\"WebSite\",\"@id\":\"https:\/\/interzero.es\/#website\",\"url\":\"https:\/\/interzero.es\/\",\"name\":\"Interzero Polska | Rozwi\u0105zania dla \u015bwiata bez odpad\u00f3w\",\"description\":\"Ofrecemos soluciones medioambientales innovadoras y completas\",\"publisher\":{\"@id\":\"https:\/\/interzero.es\/#organization\"},\"potentialAction\":[{\"@type\":\"SearchAction\",\"target\":{\"@type\":\"EntryPoint\",\"urlTemplate\":\"https:\/\/interzero.es\/?s={search_term_string}\"},\"query-input\":{\"@type\":\"PropertyValueSpecification\",\"valueRequired\":true,\"valueName\":\"search_term_string\"}}],\"inLanguage\":\"en-GB\"},{\"@type\":\"Organization\",\"@id\":\"https:\/\/interzero.es\/#organization\",\"name\":\"Interzero Polska\",\"url\":\"https:\/\/interzero.es\/\",\"logo\":{\"@type\":\"ImageObject\",\"inLanguage\":\"en-GB\",\"@id\":\"https:\/\/interzero.es\/#\/schema\/logo\/image\/\",\"url\":\"https:\/\/l.interzero.at\/es\/wp-content\/uploads\/sites\/16\/2024\/07\/Interzero.png\",\"contentUrl\":\"https:\/\/l.interzero.at\/es\/wp-content\/uploads\/sites\/16\/2024\/07\/Interzero.png\",\"width\":1920,\"height\":1080,\"caption\":\"Interzero Polska\"},\"image\":{\"@id\":\"https:\/\/interzero.es\/#\/schema\/logo\/image\/\"},\"sameAs\":[\"https:\/\/www.facebook.com\/InterzeroPolska\",\"https:\/\/x.com\/InterzeroPolska\",\"https:\/\/www.linkedin.com\/company\/interzero-zero-waste-solutions\/\"]}]}<\/script>\n<!-- \/ Yoast SEO plugin. -->","yoast_head_json":{"title":"Impressum - Interzero Spain","robots":{"index":"index","follow":"follow","max-snippet":"max-snippet:-1","max-image-preview":"max-image-preview:large","max-video-preview":"max-video-preview:-1"},"canonical":"https:\/\/interzero.es\/en\/impressum\/","og_locale":"en_GB","og_type":"article","og_title":"Impressum - Interzero Espa\u00f1a","og_url":"https:\/\/interzero.es\/en\/impressum\/","og_site_name":"Interzero Espa\u00f1a","article_publisher":"https:\/\/www.facebook.com\/InterzeroPolska","article_modified_time":"2022-11-29T14:04:53+00:00","twitter_card":"summary_large_image","twitter_site":"@InterzeroPolska","twitter_misc":{"Estimated reading time":"1 minute"},"schema":{"@context":"https:\/\/schema.org","@graph":[{"@type":"WebPage","@id":"https:\/\/interzero.es\/impressum\/","url":"https:\/\/interzero.es\/impressum\/","name":"Impressum - Interzero Spain","isPartOf":{"@id":"https:\/\/interzero.es\/#website"},"datePublished":"2022-11-29T11:06:26+00:00","dateModified":"2022-11-29T14:04:53+00:00","breadcrumb":{"@id":"https:\/\/interzero.es\/impressum\/#breadcrumb"},"inLanguage":"en-GB","potentialAction":[{"@type":"ReadAction","target":["https:\/\/interzero.es\/impressum\/"]}]},{"@type":"BreadcrumbList","@id":"https:\/\/interzero.es\/impressum\/#breadcrumb","itemListElement":[{"@type":"ListItem","position":1,"name":"Home","item":"https:\/\/interzero.es\/"},{"@type":"ListItem","position":2,"name":"Impressum"}]},{"@type":"WebSite","@id":"https:\/\/interzero.es\/#website","url":"https:\/\/interzero.es\/","name":"Interzero Polska | Rozwi\u0105zania dla \u015bwiata bez odpad\u00f3w","description":"We offer innovative and comprehensive environmental solutions","publisher":{"@id":"https:\/\/interzero.es\/#organization"},"potentialAction":[{"@type":"SearchAction","target":{"@type":"EntryPoint","urlTemplate":"https:\/\/interzero.es\/?s={search_term_string}"},"query-input":{"@type":"PropertyValueSpecification","valueRequired":true,"valueName":"search_term_string"}}],"inLanguage":"en-GB"},{"@type":"Organization","@id":"https:\/\/interzero.es\/#organization","name":"Interzero Polska","url":"https:\/\/interzero.es\/","logo":{"@type":"ImageObject","inLanguage":"en-GB","@id":"https:\/\/interzero.es\/#\/schema\/logo\/image\/","url":"https:\/\/l.interzero.at\/es\/wp-content\/uploads\/sites\/16\/2024\/07\/Interzero.png","contentUrl":"https:\/\/l.interzero.at\/es\/wp-content\/uploads\/sites\/16\/2024\/07\/Interzero.png","width":1920,"height":1080,"caption":"Interzero Polska"},"image":{"@id":"https:\/\/interzero.es\/#\/schema\/logo\/image\/"},"sameAs":["https:\/\/www.facebook.com\/InterzeroPolska","https:\/\/x.com\/InterzeroPolska","https:\/\/www.linkedin.com\/company\/interzero-zero-waste-solutions\/"]}]}},"_links":{"self":[{"href":"https:\/\/interzero.es\/en\/wp-json\/wp\/v2\/pages\/3940","targetHints":{"allow":["GET"]}}],"collection":[{"href":"https:\/\/interzero.es\/en\/wp-json\/wp\/v2\/pages"}],"about":[{"href":"https:\/\/interzero.es\/en\/wp-json\/wp\/v2\/types\/page"}],"author":[{"embeddable":true,"href":"https:\/\/interzero.es\/en\/wp-json\/wp\/v2\/users\/4"}],"replies":[{"embeddable":true,"href":"https:\/\/interzero.es\/en\/wp-json\/wp\/v2\/comments?post=3940"}],"version-history":[{"count":8,"href":"https:\/\/interzero.es\/en\/wp-json\/wp\/v2\/pages\/3940\/revisions"}],"predecessor-version":[{"id":3956,"href":"https:\/\/interzero.es\/en\/wp-json\/wp\/v2\/pages\/3940\/revisions\/3956"}],"wp:attachment":[{"href":"https:\/\/interzero.es\/en\/wp-json\/wp\/v2\/media?parent=3940"}],"wp:term":[{"taxonomy":"wf_page_folders","embeddable":true,"href":"https:\/\/interzero.es\/en\/wp-json\/wp\/v2\/wf_page_folders?post=3940"}],"curies":[{"name":"wp","href":"https:\/\/api.w.org\/{rel}","templated":true}]}}