{"id":3115,"date":"2022-11-21T13:26:36","date_gmt":"2022-11-21T12:26:36","guid":{"rendered":"https:\/\/l.interzero.at\/pl\/live\/?page_id=3115"},"modified":"2025-06-09T12:39:10","modified_gmt":"2025-06-09T10:39:10","slug":"gestion","status":"publish","type":"page","link":"https:\/\/interzero.es\/en\/about-the-company\/management\/","title":{"rendered":"Management"},"content":{"rendered":"<div class=\"wpb-content-wrapper\"><div data-parent=\"true\" class=\"vc_row row-container\" id=\"row-unique-0\"><div class=\"row double-top-padding double-bottom-padding single-h-padding limit-width row-parent\"><div class=\"wpb_row row-inner\"><div class=\"wpb_column pos-top pos-center align_center column_parent col-lg-12 single-internal-gutter\"><div class=\"uncol style-light\"  ><div class=\"uncoltable\"><div class=\"uncell no-block-padding\" ><div class=\"uncont\" ><div class=\"vc_custom_heading_wrap\"><div class=\"heading-text el-text\" ><\/p>\n<h1><strong>Interzero management: responsibility towards customers, employees and the environment<\/strong><\/h1>\n<p>\n<\/div><div class=\"clear\"><\/div><\/div><\/div><\/div><\/div><\/div><\/div><script id=\"script-row-unique-0\" data-row=\"script-row-unique-0\" type=\"text\/javascript\" class=\"vc_controls\">UNCODE.initRow(document.getElementById(\"row-unique-0\"));<\/script><\/div><\/div><\/div><div data-parent=\"true\" class=\"vc_row row-container\" id=\"row-unique-1\"><div class=\"row limit-width row-parent\"><div class=\"wpb_row row-inner\"><div class=\"wpb_column pos-top pos-center align_left column_parent col-lg-12 single-internal-gutter\"><div class=\"uncol style-light\"  ><div class=\"uncoltable\"><div class=\"uncell no-block-padding\" ><div class=\"uncont\" ><div class=\"uncode_text_column\" ><\/p>\n<h3 style=\"text-align: center\">Interzero Spain was born with the mission to help its clients to comply with environmental obligations and to take responsibility on their behalf to respect local regulations, in terms of Extended Producer Responsibility and Waste management.<\/h3>\n<p>\n<\/div><\/div><\/div><\/div><\/div><\/div><script id=\"script-row-unique-1\" data-row=\"script-row-unique-1\" type=\"text\/javascript\" class=\"vc_controls\">UNCODE.initRow(document.getElementById(\"row-unique-1\"));<\/script><\/div><\/div><\/div><div data-parent=\"true\" class=\"vc_row vc_custom_1677843128886 row-container\" style=\"border-bottom-width: 0px ;padding-top: 0px ;padding-bottom: 0px ;\" id=\"row-unique-2\"><div class=\"row single-top-padding double-bottom-padding single-h-padding limit-width row-parent\"><div class=\"wpb_row row-inner\"><div class=\"wpb_column pos-middle pos-center align_left column_parent col-lg-6 single-internal-gutter shift-col-wa\"><div class=\"uncol style-light shift_y_down_half\"  ><div class=\"uncoltable\"><div class=\"uncell no-block-padding\" ><div class=\"uncont\" ><div class=\"uncode-single-media  text-center\"><div class=\"single-wrapper\" style=\"max-width: 50%;\"><div class=\"tmb tmb-light  img-round tmb-img-ratio tmb-media-first tmb-media-last tmb-content-overlay tmb-no-bg\"><div class=\"t-inside\"><div class=\"t-entry-visual\"><div class=\"t-entry-visual-tc\"><div class=\"uncode-single-media-wrapper img-round\"><div class=\"dummy\" style=\"padding-top: 100%;\"><\/div><img decoding=\"async\" class=\"wp-image-6230\" src=\"https:\/\/interzero.es\/wp-content\/uploads\/sites\/16\/2023\/03\/4.png\" width=\"720\" height=\"720\" alt=\"Anna Grom - Prezeska Interzero Polska, Head of Interzero Circular Solutions Europe\" srcset=\"https:\/\/interzero.es\/wp-content\/uploads\/sites\/16\/2023\/03\/4.png 720w, https:\/\/interzero.es\/wp-content\/uploads\/sites\/16\/2023\/03\/4-300x300.png 300w, https:\/\/interzero.es\/wp-content\/uploads\/sites\/16\/2023\/03\/4-150x150.png 150w, https:\/\/interzero.es\/wp-content\/uploads\/sites\/16\/2023\/03\/4-250x250.png 250w, https:\/\/interzero.es\/wp-content\/uploads\/sites\/16\/2023\/03\/4-350x350.png 350w, https:\/\/interzero.es\/wp-content\/uploads\/sites\/16\/2023\/03\/4-348x348.png 348w\" sizes=\"(max-width: 720px) 100vw, 720px\" \/><\/div>\n\t\t\t\t\t<\/div>\n\t\t\t\t<\/div><\/div><\/div><\/div><\/div><\/div><\/div><\/div><\/div><\/div><div class=\"wpb_column pos-top pos-center align_left column_parent col-lg-6 single-internal-gutter\"><div class=\"uncol style-light\"  ><div class=\"uncoltable\"><div class=\"uncell no-block-padding\" ><div class=\"uncont\" ><div class=\"uncode_text_column\" ><p><em>\"Interzero's activities and services are designed to support entrepreneurs who need to make their way in a reality governed by the principles of extended producer responsibility. Each year, we strive to help a growing group of entrepreneurs - now some 9,500 entities - who want to take the next environmentally responsible steps in the development of their business. We advise, take environmental responsibility and educate so that the proper design of packaging, as well as its subsequent recycling, is carried out according to the highest standards.\"<\/em><\/p>\n<\/div><div class=\"uncode_text_column\" ><\/p>\n<h4><b>Anna Grom <\/b>- Head of Interzero Circular Solutions Europe<\/h4>\n<p>\n<\/div><\/div><\/div><\/div><\/div><\/div><script id=\"script-row-unique-2\" data-row=\"script-row-unique-2\" type=\"text\/javascript\" class=\"vc_controls\">UNCODE.initRow(document.getElementById(\"row-unique-2\"));<\/script><\/div><\/div><\/div>\n<\/div>","protected":false},"excerpt":{"rendered":"Interzero's management: responsibility towards customers, employees and the environment Interzero Spain was born with the mission to [...]","protected":false},"author":18,"featured_media":2063,"parent":3094,"menu_order":120,"comment_status":"closed","ping_status":"closed","template":"","meta":{"_acf_changed":false,"inline_featured_image":false,"footnotes":""},"wf_page_folders":[76],"class_list":["post-3115","page","type-page","status-publish","has-post-thumbnail","hentry","page_category-pl"],"acf":[],"yoast_head":"<!-- This site is optimized with the Yoast SEO plugin v26.4 - https:\/\/yoast.com\/wordpress\/plugins\/seo\/ -->\n<title>Gesti\u00f3n de Interzero: conozca nuestros objetivos y valores<\/title>\n<meta name=\"description\" content=\"Interzero lleva a\u00f1os apoyando a los empresarios en su b\u00fasqueda del desarrollo sostenible. M\u00e1s informaci\u00f3n sobre los objetivos e ideales que gu\u00edan la gesti\u00f3n de Interzero en Espa\u00f1a.\" \/>\n<meta name=\"robots\" content=\"index, follow, max-snippet:-1, max-image-preview:large, max-video-preview:-1\" \/>\n<link rel=\"canonical\" href=\"https:\/\/interzero.es\/en\/about-the-company\/management\/\" \/>\n<meta property=\"og:locale\" content=\"en_GB\" \/>\n<meta property=\"og:type\" content=\"article\" \/>\n<meta property=\"og:title\" content=\"Gesti\u00f3n de Interzero: conozca nuestros objetivos y valores\" \/>\n<meta property=\"og:description\" content=\"Interzero lleva a\u00f1os apoyando a los empresarios en su b\u00fasqueda del desarrollo sostenible. M\u00e1s informaci\u00f3n sobre los objetivos e ideales que gu\u00edan la gesti\u00f3n de Interzero en Espa\u00f1a.\" \/>\n<meta property=\"og:url\" content=\"https:\/\/interzero.es\/en\/about-the-company\/management\/\" \/>\n<meta property=\"og:site_name\" content=\"Interzero Espa\u00f1a\" \/>\n<meta property=\"article:publisher\" content=\"https:\/\/www.facebook.com\/InterzeroPolska\" \/>\n<meta property=\"article:modified_time\" content=\"2025-06-09T10:39:10+00:00\" \/>\n<meta property=\"og:image\" content=\"https:\/\/interzero.es\/wp-content\/uploads\/sites\/16\/2022\/10\/interzero-nachhalti-2022_1870x555.jpg\" \/>\n\t<meta property=\"og:image:width\" content=\"1870\" \/>\n\t<meta property=\"og:image:height\" content=\"555\" \/>\n\t<meta property=\"og:image:type\" content=\"image\/jpeg\" \/>\n<meta name=\"twitter:card\" content=\"summary_large_image\" \/>\n<meta name=\"twitter:site\" content=\"@InterzeroPolska\" \/>\n<meta name=\"twitter:label1\" content=\"Estimated reading time\" \/>\n\t<meta name=\"twitter:data1\" content=\"2 minutes\" \/>\n<script type=\"application\/ld+json\" class=\"yoast-schema-graph\">{\"@context\":\"https:\/\/schema.org\",\"@graph\":[{\"@type\":\"WebPage\",\"@id\":\"https:\/\/interzero.es\/acerca-de-interzero\/gestion\/\",\"url\":\"https:\/\/interzero.es\/acerca-de-interzero\/gestion\/\",\"name\":\"Gesti\u00f3n de Interzero: conozca nuestros objetivos y valores\",\"isPartOf\":{\"@id\":\"https:\/\/interzero.es\/#website\"},\"primaryImageOfPage\":{\"@id\":\"https:\/\/interzero.es\/acerca-de-interzero\/gestion\/#primaryimage\"},\"image\":{\"@id\":\"https:\/\/interzero.es\/acerca-de-interzero\/gestion\/#primaryimage\"},\"thumbnailUrl\":\"https:\/\/interzero.es\/wp-content\/uploads\/sites\/16\/2022\/10\/interzero-nachhalti-2022_1870x555.jpg\",\"datePublished\":\"2022-11-21T12:26:36+00:00\",\"dateModified\":\"2025-06-09T10:39:10+00:00\",\"description\":\"Interzero lleva a\u00f1os apoyando a los empresarios en su b\u00fasqueda del desarrollo sostenible. M\u00e1s informaci\u00f3n sobre los objetivos e ideales que gu\u00edan la gesti\u00f3n de Interzero en Espa\u00f1a.\",\"breadcrumb\":{\"@id\":\"https:\/\/interzero.es\/acerca-de-interzero\/gestion\/#breadcrumb\"},\"inLanguage\":\"en-GB\",\"potentialAction\":[{\"@type\":\"ReadAction\",\"target\":[\"https:\/\/interzero.es\/acerca-de-interzero\/gestion\/\"]}]},{\"@type\":\"ImageObject\",\"inLanguage\":\"en-GB\",\"@id\":\"https:\/\/interzero.es\/acerca-de-interzero\/gestion\/#primaryimage\",\"url\":\"https:\/\/interzero.es\/wp-content\/uploads\/sites\/16\/2022\/10\/interzero-nachhalti-2022_1870x555.jpg\",\"contentUrl\":\"https:\/\/interzero.es\/wp-content\/uploads\/sites\/16\/2022\/10\/interzero-nachhalti-2022_1870x555.jpg\",\"width\":1870,\"height\":555,\"caption\":\"m\u0119\u017cczyzna spaceruje brzegiem kamienistego, g\u00f3rskiego jeziora le\u017c\u0105cego w\u015br\u00f3d wysokich szczyt\u00f3w\"},{\"@type\":\"BreadcrumbList\",\"@id\":\"https:\/\/interzero.es\/acerca-de-interzero\/gestion\/#breadcrumb\",\"itemListElement\":[{\"@type\":\"ListItem\",\"position\":1,\"name\":\"Home\",\"item\":\"https:\/\/interzero.es\/\"},{\"@type\":\"ListItem\",\"position\":2,\"name\":\"Acerca de Interzero\",\"item\":\"https:\/\/interzero.es\/acerca-de-interzero\/\"},{\"@type\":\"ListItem\",\"position\":3,\"name\":\"Gesti\u00f3n\"}]},{\"@type\":\"WebSite\",\"@id\":\"https:\/\/interzero.es\/#website\",\"url\":\"https:\/\/interzero.es\/\",\"name\":\"Interzero Polska | Rozwi\u0105zania dla \u015bwiata bez odpad\u00f3w\",\"description\":\"Ofrecemos soluciones medioambientales innovadoras y completas\",\"publisher\":{\"@id\":\"https:\/\/interzero.es\/#organization\"},\"potentialAction\":[{\"@type\":\"SearchAction\",\"target\":{\"@type\":\"EntryPoint\",\"urlTemplate\":\"https:\/\/interzero.es\/?s={search_term_string}\"},\"query-input\":{\"@type\":\"PropertyValueSpecification\",\"valueRequired\":true,\"valueName\":\"search_term_string\"}}],\"inLanguage\":\"en-GB\"},{\"@type\":\"Organization\",\"@id\":\"https:\/\/interzero.es\/#organization\",\"name\":\"Interzero Polska\",\"url\":\"https:\/\/interzero.es\/\",\"logo\":{\"@type\":\"ImageObject\",\"inLanguage\":\"en-GB\",\"@id\":\"https:\/\/interzero.es\/#\/schema\/logo\/image\/\",\"url\":\"https:\/\/l.interzero.at\/es\/wp-content\/uploads\/sites\/16\/2024\/07\/Interzero.png\",\"contentUrl\":\"https:\/\/l.interzero.at\/es\/wp-content\/uploads\/sites\/16\/2024\/07\/Interzero.png\",\"width\":1920,\"height\":1080,\"caption\":\"Interzero Polska\"},\"image\":{\"@id\":\"https:\/\/interzero.es\/#\/schema\/logo\/image\/\"},\"sameAs\":[\"https:\/\/www.facebook.com\/InterzeroPolska\",\"https:\/\/x.com\/InterzeroPolska\",\"https:\/\/www.linkedin.com\/company\/interzero-zero-waste-solutions\/\"]}]}<\/script>\n<!-- \/ Yoast SEO plugin. -->","yoast_head_json":{"title":"Interzero management: learn about our goals and values","description":"Interzero has been supporting entrepreneurs in their quest for sustainable development for years. Learn more about the goals and ideals that guide Interzero's management in Spain.","robots":{"index":"index","follow":"follow","max-snippet":"max-snippet:-1","max-image-preview":"max-image-preview:large","max-video-preview":"max-video-preview:-1"},"canonical":"https:\/\/interzero.es\/en\/about-the-company\/management\/","og_locale":"en_GB","og_type":"article","og_title":"Gesti\u00f3n de Interzero: conozca nuestros objetivos y valores","og_description":"Interzero lleva a\u00f1os apoyando a los empresarios en su b\u00fasqueda del desarrollo sostenible. M\u00e1s informaci\u00f3n sobre los objetivos e ideales que gu\u00edan la gesti\u00f3n de Interzero en Espa\u00f1a.","og_url":"https:\/\/interzero.es\/en\/about-the-company\/management\/","og_site_name":"Interzero Espa\u00f1a","article_publisher":"https:\/\/www.facebook.com\/InterzeroPolska","article_modified_time":"2025-06-09T10:39:10+00:00","og_image":[{"width":1870,"height":555,"url":"https:\/\/interzero.es\/wp-content\/uploads\/sites\/16\/2022\/10\/interzero-nachhalti-2022_1870x555.jpg","type":"image\/jpeg"}],"twitter_card":"summary_large_image","twitter_site":"@InterzeroPolska","twitter_misc":{"Estimated reading time":"2 minutes"},"schema":{"@context":"https:\/\/schema.org","@graph":[{"@type":"WebPage","@id":"https:\/\/interzero.es\/acerca-de-interzero\/gestion\/","url":"https:\/\/interzero.es\/acerca-de-interzero\/gestion\/","name":"Interzero management: learn about our goals and values","isPartOf":{"@id":"https:\/\/interzero.es\/#website"},"primaryImageOfPage":{"@id":"https:\/\/interzero.es\/acerca-de-interzero\/gestion\/#primaryimage"},"image":{"@id":"https:\/\/interzero.es\/acerca-de-interzero\/gestion\/#primaryimage"},"thumbnailUrl":"https:\/\/interzero.es\/wp-content\/uploads\/sites\/16\/2022\/10\/interzero-nachhalti-2022_1870x555.jpg","datePublished":"2022-11-21T12:26:36+00:00","dateModified":"2025-06-09T10:39:10+00:00","description":"Interzero has been supporting entrepreneurs in their quest for sustainable development for years. Learn more about the goals and ideals that guide Interzero's management in Spain.","breadcrumb":{"@id":"https:\/\/interzero.es\/acerca-de-interzero\/gestion\/#breadcrumb"},"inLanguage":"en-GB","potentialAction":[{"@type":"ReadAction","target":["https:\/\/interzero.es\/acerca-de-interzero\/gestion\/"]}]},{"@type":"ImageObject","inLanguage":"en-GB","@id":"https:\/\/interzero.es\/acerca-de-interzero\/gestion\/#primaryimage","url":"https:\/\/interzero.es\/wp-content\/uploads\/sites\/16\/2022\/10\/interzero-nachhalti-2022_1870x555.jpg","contentUrl":"https:\/\/interzero.es\/wp-content\/uploads\/sites\/16\/2022\/10\/interzero-nachhalti-2022_1870x555.jpg","width":1870,"height":555,"caption":"m\u0119\u017cczyzna spaceruje brzegiem kamienistego, g\u00f3rskiego jeziora le\u017c\u0105cego w\u015br\u00f3d wysokich szczyt\u00f3w"},{"@type":"BreadcrumbList","@id":"https:\/\/interzero.es\/acerca-de-interzero\/gestion\/#breadcrumb","itemListElement":[{"@type":"ListItem","position":1,"name":"Home","item":"https:\/\/interzero.es\/"},{"@type":"ListItem","position":2,"name":"Acerca de Interzero","item":"https:\/\/interzero.es\/acerca-de-interzero\/"},{"@type":"ListItem","position":3,"name":"Gesti\u00f3n"}]},{"@type":"WebSite","@id":"https:\/\/interzero.es\/#website","url":"https:\/\/interzero.es\/","name":"Interzero Polska | Rozwi\u0105zania dla \u015bwiata bez odpad\u00f3w","description":"We offer innovative and comprehensive environmental solutions","publisher":{"@id":"https:\/\/interzero.es\/#organization"},"potentialAction":[{"@type":"SearchAction","target":{"@type":"EntryPoint","urlTemplate":"https:\/\/interzero.es\/?s={search_term_string}"},"query-input":{"@type":"PropertyValueSpecification","valueRequired":true,"valueName":"search_term_string"}}],"inLanguage":"en-GB"},{"@type":"Organization","@id":"https:\/\/interzero.es\/#organization","name":"Interzero Polska","url":"https:\/\/interzero.es\/","logo":{"@type":"ImageObject","inLanguage":"en-GB","@id":"https:\/\/interzero.es\/#\/schema\/logo\/image\/","url":"https:\/\/l.interzero.at\/es\/wp-content\/uploads\/sites\/16\/2024\/07\/Interzero.png","contentUrl":"https:\/\/l.interzero.at\/es\/wp-content\/uploads\/sites\/16\/2024\/07\/Interzero.png","width":1920,"height":1080,"caption":"Interzero Polska"},"image":{"@id":"https:\/\/interzero.es\/#\/schema\/logo\/image\/"},"sameAs":["https:\/\/www.facebook.com\/InterzeroPolska","https:\/\/x.com\/InterzeroPolska","https:\/\/www.linkedin.com\/company\/interzero-zero-waste-solutions\/"]}]}},"_links":{"self":[{"href":"https:\/\/interzero.es\/en\/wp-json\/wp\/v2\/pages\/3115","targetHints":{"allow":["GET"]}}],"collection":[{"href":"https:\/\/interzero.es\/en\/wp-json\/wp\/v2\/pages"}],"about":[{"href":"https:\/\/interzero.es\/en\/wp-json\/wp\/v2\/types\/page"}],"author":[{"embeddable":true,"href":"https:\/\/interzero.es\/en\/wp-json\/wp\/v2\/users\/18"}],"replies":[{"embeddable":true,"href":"https:\/\/interzero.es\/en\/wp-json\/wp\/v2\/comments?post=3115"}],"version-history":[{"count":53,"href":"https:\/\/interzero.es\/en\/wp-json\/wp\/v2\/pages\/3115\/revisions"}],"predecessor-version":[{"id":18749,"href":"https:\/\/interzero.es\/en\/wp-json\/wp\/v2\/pages\/3115\/revisions\/18749"}],"up":[{"embeddable":true,"href":"https:\/\/interzero.es\/en\/wp-json\/wp\/v2\/pages\/3094"}],"wp:featuredmedia":[{"embeddable":true,"href":"https:\/\/interzero.es\/en\/wp-json\/wp\/v2\/media\/2063"}],"wp:attachment":[{"href":"https:\/\/interzero.es\/en\/wp-json\/wp\/v2\/media?parent=3115"}],"wp:term":[{"taxonomy":"wf_page_folders","embeddable":true,"href":"https:\/\/interzero.es\/en\/wp-json\/wp\/v2\/wf_page_folders?post=3115"}],"curies":[{"name":"wp","href":"https:\/\/api.w.org\/{rel}","templated":true}]}}