{"id":3094,"date":"2022-11-18T08:40:08","date_gmt":"2022-11-18T07:40:08","guid":{"rendered":"https:\/\/l.interzero.at\/pl\/live\/?page_id=3094"},"modified":"2025-06-09T12:47:44","modified_gmt":"2025-06-09T10:47:44","slug":"acerca-de-interzero","status":"publish","type":"page","link":"https:\/\/interzero.es\/en\/about-the-company\/","title":{"rendered":"About Interzero"},"content":{"rendered":"<div class=\"wpb-content-wrapper\"><div data-parent=\"true\" class=\"vc_row row-container\" id=\"row-unique-0\"><div class=\"row double-top-padding single-bottom-padding single-h-padding limit-width row-parent\"><div class=\"wpb_row row-inner\"><div class=\"wpb_column pos-top pos-center align_center column_parent col-lg-12 single-internal-gutter\"><div class=\"uncol style-light\"  ><div class=\"uncoltable\"><div class=\"uncell no-block-padding\" ><div class=\"uncont\" ><div class=\"vc_custom_heading_wrap\"><div class=\"heading-text el-text\" ><\/p>\n<h1><strong>Company<\/strong><\/h1>\n<p>\n<\/div><div class=\"clear\"><\/div><\/div><\/div><\/div><\/div><\/div><\/div><script id=\"script-row-unique-0\" data-row=\"script-row-unique-0\" type=\"text\/javascript\" class=\"vc_controls\">UNCODE.initRow(document.getElementById(\"row-unique-0\"));<\/script><\/div><\/div><\/div><div data-parent=\"true\" class=\"vc_row inverted-device-order row-container\" id=\"row-unique-1\"><div class=\"row unequal double-top-padding double-bottom-padding single-h-padding limit-width row-parent\"><div class=\"wpb_row row-inner\"><div class=\"wpb_column pos-top pos-center align_left column_parent col-lg-6 single-internal-gutter\"><div class=\"uncol style-light\"  ><div class=\"uncoltable\"><div class=\"uncell no-block-padding\" ><div class=\"uncont\" ><div class=\"vc_custom_heading_wrap\"><div class=\"heading-text el-text\" ><\/p>\n<h3><strong>About us<\/strong><\/h3>\n<p>\n<\/div><div class=\"clear\"><\/div><\/div><div class=\"uncode_text_column\" ><p>Our daily motivation: to develop circular solutions, avoiding the creation of waste and conserving existing resources.<\/p>\n<\/div><span class=\"btn-container\" ><a role=\"button\"  href=\"https:\/\/interzero.es\/en\/about-the-company\/background-information\/\" class=\"custom-link btn border-width-0 btn-color-263416 btn-flat btn-icon-left\"><i class=\"fa fa-arrow-right2\"><\/i>Further information<\/a><\/span><\/div><\/div><\/div><\/div><\/div><div class=\"wpb_column pos-top pos-center align_center column_parent col-lg-6 single-internal-gutter\"><div class=\"uncol style-light\"  ><div class=\"uncoltable\"><div class=\"uncell no-block-padding\" ><div class=\"uncont\" ><div class=\"uncode-single-media  text-center\"><div class=\"single-wrapper\" style=\"max-width: 100%;\"><a class=\"single-media-link\" href=\"https:\/\/interzero.es\/en\/o-firmie\/postawowe-informacje\/\"><div class=\"tmb tmb-light  tmb-img-ratio tmb-media-first tmb-media-last tmb-content-overlay tmb-no-bg\"><div class=\"t-inside\"><div class=\"t-entry-visual\"><div class=\"t-entry-visual-tc\"><div class=\"uncode-single-media-wrapper\"><div class=\"dummy\" style=\"padding-top: 66.7%;\"><\/div><img decoding=\"async\" class=\"wp-image-2453\" src=\"https:\/\/interzero.es\/wp-content\/uploads\/sites\/16\/2022\/10\/the-bridge.jpg\" width=\"627\" height=\"418\" alt=\"I am pleased to note that, in the course of the year, the fight against drug trafficking has been pursued by the\" srcset=\"https:\/\/interzero.es\/wp-content\/uploads\/sites\/16\/2022\/10\/the-bridge.jpg 627w, https:\/\/interzero.es\/wp-content\/uploads\/sites\/16\/2022\/10\/the-bridge-300x200.jpg 300w\" sizes=\"(max-width: 627px) 100vw, 627px\" \/><\/div>\n\t\t\t\t\t<\/div>\n\t\t\t\t<\/div><\/div><\/div><\/a><\/div><\/div><\/div><\/div><\/div><\/div><\/div><script id=\"script-row-unique-1\" data-row=\"script-row-unique-1\" type=\"text\/javascript\" class=\"vc_controls\">UNCODE.initRow(document.getElementById(\"row-unique-1\"));<\/script><\/div><\/div><\/div><div data-parent=\"true\" class=\"vc_row row-container\" id=\"row-unique-2\"><div class=\"row unequal single-top-padding double-bottom-padding single-h-padding limit-width row-parent\"><div class=\"wpb_row row-inner\"><div class=\"wpb_column pos-top pos-center align_left column_parent col-lg-6 single-internal-gutter\"><div class=\"uncol style-light\"  ><div class=\"uncoltable\"><div class=\"uncell no-block-padding\" ><div class=\"uncont\" ><div class=\"uncode-single-media  text-center\"><div class=\"single-wrapper\" style=\"max-width: 100%;\"><a class=\"single-media-link\" href=\"https:\/\/interzero.es\/en\/o-firmie\/zarzad\/\"><div class=\"tmb tmb-light  tmb-img-ratio tmb-media-first tmb-media-last tmb-content-overlay tmb-no-bg\"><div class=\"t-inside\"><div class=\"t-entry-visual\"><div class=\"t-entry-visual-tc\"><div class=\"uncode-single-media-wrapper\"><div class=\"dummy\" style=\"padding-top: 66.7%;\"><\/div><img decoding=\"async\" class=\"wp-image-18389\" src=\"https:\/\/interzero.es\/wp-content\/uploads\/sites\/16\/2025\/03\/23.webp\" width=\"936\" height=\"624\" alt=\"earth environment\" srcset=\"https:\/\/interzero.es\/wp-content\/uploads\/sites\/16\/2025\/03\/23.webp 936w, https:\/\/interzero.es\/wp-content\/uploads\/sites\/16\/2025\/03\/23-300x200.webp 300w, https:\/\/interzero.es\/wp-content\/uploads\/sites\/16\/2025\/03\/23-768x512.webp 768w, https:\/\/interzero.es\/wp-content\/uploads\/sites\/16\/2025\/03\/23-18x12.webp 18w, https:\/\/interzero.es\/wp-content\/uploads\/sites\/16\/2025\/03\/23-350x233.webp 350w, https:\/\/interzero.es\/wp-content\/uploads\/sites\/16\/2025\/03\/23-uai-258x172.webp 258w, https:\/\/interzero.es\/wp-content\/uploads\/sites\/16\/2025\/03\/23-uai-720x480.webp 720w, https:\/\/interzero.es\/wp-content\/uploads\/sites\/16\/2025\/03\/23-uai-516x344.webp 516w\" sizes=\"(max-width: 936px) 100vw, 936px\" \/><\/div>\n\t\t\t\t\t<\/div>\n\t\t\t\t<\/div><\/div><\/div><\/a><\/div><\/div><\/div><\/div><\/div><\/div><\/div><div class=\"wpb_column pos-top pos-left align_left column_parent col-lg-6 single-internal-gutter\"><div class=\"uncol style-light\"  ><div class=\"uncoltable\"><div class=\"uncell no-block-padding\" ><div class=\"uncont\" ><div class=\"vc_custom_heading_wrap\"><div class=\"heading-text el-text\" ><\/p>\n<h3><strong>Interzero management: responsibility towards customers, employees and the environment<\/strong><\/h3>\n<p>\n<\/div><div class=\"clear\"><\/div><\/div><div class=\"uncode_text_column\" ><p>Interzero Espa\u00f1a was set up to meet the obligations arising from the obligations of employers regarding the management of certain wastes and the extended producer responsibility for Spanish customers.<\/p>\n<\/div><span class=\"btn-container\" ><a role=\"button\"  href=\"https:\/\/interzero.es\/en\/about-the-company\/management\/\" class=\"custom-link btn border-width-0 btn-color-263416 btn-flat btn-icon-left\"><i class=\"fa fa-arrow-right2\"><\/i>Further information<\/a><\/span><\/div><\/div><\/div><\/div><\/div><script id=\"script-row-unique-2\" data-row=\"script-row-unique-2\" type=\"text\/javascript\" class=\"vc_controls\">UNCODE.initRow(document.getElementById(\"row-unique-2\"));<\/script><\/div><\/div><\/div><div data-parent=\"true\" class=\"vc_row row-container\" id=\"row-unique-3\"><div class=\"row unequal single-top-padding double-bottom-padding single-h-padding limit-width row-parent\"><div class=\"wpb_row row-inner\"><div class=\"wpb_column pos-top pos-center align_left column_parent col-lg-6 single-internal-gutter\"><div class=\"uncol style-light\"  ><div class=\"uncoltable\"><div class=\"uncell no-block-padding\" ><div class=\"uncont\" ><div class=\"vc_custom_heading_wrap\"><div class=\"heading-text el-text\" ><\/p>\n<h3><strong>Careers at Interzero<\/strong><\/h3>\n<p>\n<\/div><div class=\"clear\"><\/div><\/div><div class=\"uncode_text_column\" ><p>Join the Interzero team of specialists! Together with you, we want to create a world without waste and waste-free. We will ensure a good atmosphere and direct relationships. This is the only way to create innovative solutions. We are committed to close cooperation and the exchange of experience. Take a look at our current vacancies.<\/p>\n<\/div><span class=\"btn-container\" ><a role=\"button\"  href=\"https:\/\/interzero.es\/en\/career\/\" class=\"custom-link btn border-width-0 btn-color-263416 btn-flat btn-icon-left\" title=\"kariera\"><i class=\"fa fa-arrow-right2\"><\/i>Further information<\/a><\/span><\/div><\/div><\/div><\/div><\/div><div class=\"wpb_column pos-top pos-center align_center column_parent col-lg-6 single-internal-gutter\"><div class=\"uncol style-light\"  ><div class=\"uncoltable\"><div class=\"uncell no-block-padding\" ><div class=\"uncont\" ><div class=\"uncode-single-media  text-center\"><div class=\"single-wrapper\" style=\"max-width: 100%;\"><a class=\"single-media-link\" href=\"https:\/\/interzero.es\/en\/kariera\/\"><div class=\"tmb tmb-light  tmb-img-ratio tmb-media-first tmb-media-last tmb-content-overlay tmb-no-bg\"><div class=\"t-inside\"><div class=\"t-entry-visual\"><div class=\"t-entry-visual-tc\"><div class=\"uncode-single-media-wrapper\"><div class=\"dummy\" style=\"padding-top: 66.7%;\"><\/div><img decoding=\"async\" class=\"wp-image-16589\" src=\"https:\/\/interzero.es\/wp-content\/uploads\/sites\/16\/2024\/09\/kariera-w-interzero.jpg\" width=\"627\" height=\"418\" alt=\"kariera w interzero\" srcset=\"https:\/\/interzero.es\/wp-content\/uploads\/sites\/16\/2024\/09\/kariera-w-interzero.jpg 627w, https:\/\/interzero.es\/wp-content\/uploads\/sites\/16\/2024\/09\/kariera-w-interzero-300x200.jpg 300w, https:\/\/interzero.es\/wp-content\/uploads\/sites\/16\/2024\/09\/kariera-w-interzero-350x233.jpg 350w, https:\/\/interzero.es\/wp-content\/uploads\/sites\/16\/2024\/09\/kariera-w-interzero-uai-258x172.jpg 258w\" sizes=\"(max-width: 627px) 100vw, 627px\" \/><\/div>\n\t\t\t\t\t<\/div>\n\t\t\t\t<\/div><\/div><\/div><\/a><\/div><\/div><\/div><\/div><\/div><\/div><\/div><script id=\"script-row-unique-3\" data-row=\"script-row-unique-3\" type=\"text\/javascript\" class=\"vc_controls\">UNCODE.initRow(document.getElementById(\"row-unique-3\"));<\/script><\/div><\/div><\/div><div data-parent=\"true\" class=\"vc_row row-container\" id=\"row-unique-4\"><div class=\"row single-top-padding one-bottom-padding single-h-padding full-width row-parent\"><div class=\"wpb_row row-inner\"><div class=\"wpb_column pos-top pos-center align_left column_parent col-lg-12 single-internal-gutter\"><div class=\"uncol style-light\"  ><div class=\"uncoltable\"><div class=\"uncell no-block-padding\" ><div class=\"uncont\" ><div class=\"divider-wrapper\"  >\n    <hr class=\"unseparator separator-no-padding\"  \/>\n<\/div>\n<\/div><\/div><\/div><\/div><\/div><script id=\"script-row-unique-4\" data-row=\"script-row-unique-4\" type=\"text\/javascript\" class=\"vc_controls\">UNCODE.initRow(document.getElementById(\"row-unique-4\"));<\/script><\/div><\/div><\/div>\n<\/div>","protected":false},"excerpt":{"rendered":"Company About us Our daily motivation: to develop circular solutions, avoiding the creation of waste and conserving existing resources. More [...]","protected":false},"author":18,"featured_media":2035,"parent":0,"menu_order":36,"comment_status":"closed","ping_status":"closed","template":"","meta":{"_acf_changed":false,"inline_featured_image":false,"footnotes":""},"wf_page_folders":[76],"class_list":["post-3094","page","type-page","status-publish","has-post-thumbnail","hentry","page_category-es"],"acf":[],"yoast_head":"<!-- This site is optimized with the Yoast SEO plugin v26.4 - https:\/\/yoast.com\/wordpress\/plugins\/seo\/ -->\n<title>Descubre Interzero Espa\u00f1a: pioneros del desarrollo sostenible<\/title>\n<meta name=\"description\" content=\"Interzero Espa\u00f1a ofreciendo servicios medioambientales integrados. Descubra c\u00f3mo trabajamos en beneficio de nuestros clientes y por un mundo sin residuos.\" \/>\n<meta name=\"robots\" content=\"index, follow, max-snippet:-1, max-image-preview:large, max-video-preview:-1\" \/>\n<link rel=\"canonical\" href=\"https:\/\/interzero.es\/en\/about-the-company\/\" \/>\n<meta property=\"og:locale\" content=\"en_GB\" \/>\n<meta property=\"og:type\" content=\"article\" \/>\n<meta property=\"og:title\" content=\"Descubre Interzero Espa\u00f1a: pioneros del desarrollo sostenible\" \/>\n<meta property=\"og:description\" content=\"Interzero Espa\u00f1a ofreciendo servicios medioambientales integrados. Descubra c\u00f3mo trabajamos en beneficio de nuestros clientes y por un mundo sin residuos.\" \/>\n<meta property=\"og:url\" content=\"https:\/\/interzero.es\/en\/about-the-company\/\" \/>\n<meta property=\"og:site_name\" content=\"Interzero Espa\u00f1a\" \/>\n<meta property=\"article:publisher\" content=\"https:\/\/www.facebook.com\/InterzeroPolska\" \/>\n<meta property=\"article:modified_time\" content=\"2025-06-09T10:47:44+00:00\" \/>\n<meta property=\"og:image\" content=\"https:\/\/interzero.es\/wp-content\/uploads\/sites\/16\/2022\/10\/interzero-unternehmen-1870x555-1.jpg\" \/>\n\t<meta property=\"og:image:width\" content=\"1870\" \/>\n\t<meta property=\"og:image:height\" content=\"555\" \/>\n\t<meta property=\"og:image:type\" content=\"image\/jpeg\" \/>\n<meta name=\"twitter:card\" content=\"summary_large_image\" \/>\n<meta name=\"twitter:site\" content=\"@InterzeroPolska\" \/>\n<meta name=\"twitter:label1\" content=\"Estimated reading time\" \/>\n\t<meta name=\"twitter:data1\" content=\"2 minutes\" \/>\n<script type=\"application\/ld+json\" class=\"yoast-schema-graph\">{\"@context\":\"https:\/\/schema.org\",\"@graph\":[{\"@type\":\"WebPage\",\"@id\":\"https:\/\/interzero.es\/acerca-de-interzero\/\",\"url\":\"https:\/\/interzero.es\/acerca-de-interzero\/\",\"name\":\"Descubre Interzero Espa\u00f1a: pioneros del desarrollo sostenible\",\"isPartOf\":{\"@id\":\"https:\/\/interzero.es\/#website\"},\"primaryImageOfPage\":{\"@id\":\"https:\/\/interzero.es\/acerca-de-interzero\/#primaryimage\"},\"image\":{\"@id\":\"https:\/\/interzero.es\/acerca-de-interzero\/#primaryimage\"},\"thumbnailUrl\":\"https:\/\/interzero.es\/wp-content\/uploads\/sites\/16\/2022\/10\/interzero-unternehmen-1870x555-1.jpg\",\"datePublished\":\"2022-11-18T07:40:08+00:00\",\"dateModified\":\"2025-06-09T10:47:44+00:00\",\"description\":\"Interzero Espa\u00f1a ofreciendo servicios medioambientales integrados. Descubra c\u00f3mo trabajamos en beneficio de nuestros clientes y por un mundo sin residuos.\",\"breadcrumb\":{\"@id\":\"https:\/\/interzero.es\/acerca-de-interzero\/#breadcrumb\"},\"inLanguage\":\"en-GB\",\"potentialAction\":[{\"@type\":\"ReadAction\",\"target\":[\"https:\/\/interzero.es\/acerca-de-interzero\/\"]}]},{\"@type\":\"ImageObject\",\"inLanguage\":\"en-GB\",\"@id\":\"https:\/\/interzero.es\/acerca-de-interzero\/#primaryimage\",\"url\":\"https:\/\/interzero.es\/wp-content\/uploads\/sites\/16\/2022\/10\/interzero-unternehmen-1870x555-1.jpg\",\"contentUrl\":\"https:\/\/interzero.es\/wp-content\/uploads\/sites\/16\/2022\/10\/interzero-unternehmen-1870x555-1.jpg\",\"width\":1870,\"height\":555,\"caption\":\"Grafika Interzero - wysokie g\u00f3ry i g\u00f3rskie jezioro, w kt\u00f3rym odbijaj\u0105 si\u0119 sylwetki wie\u017cowc\u00f3w\"},{\"@type\":\"BreadcrumbList\",\"@id\":\"https:\/\/interzero.es\/acerca-de-interzero\/#breadcrumb\",\"itemListElement\":[{\"@type\":\"ListItem\",\"position\":1,\"name\":\"Home\",\"item\":\"https:\/\/interzero.es\/\"},{\"@type\":\"ListItem\",\"position\":2,\"name\":\"Acerca de Interzero\"}]},{\"@type\":\"WebSite\",\"@id\":\"https:\/\/interzero.es\/#website\",\"url\":\"https:\/\/interzero.es\/\",\"name\":\"Interzero Polska | Rozwi\u0105zania dla \u015bwiata bez odpad\u00f3w\",\"description\":\"Ofrecemos soluciones medioambientales innovadoras y completas\",\"publisher\":{\"@id\":\"https:\/\/interzero.es\/#organization\"},\"potentialAction\":[{\"@type\":\"SearchAction\",\"target\":{\"@type\":\"EntryPoint\",\"urlTemplate\":\"https:\/\/interzero.es\/?s={search_term_string}\"},\"query-input\":{\"@type\":\"PropertyValueSpecification\",\"valueRequired\":true,\"valueName\":\"search_term_string\"}}],\"inLanguage\":\"en-GB\"},{\"@type\":\"Organization\",\"@id\":\"https:\/\/interzero.es\/#organization\",\"name\":\"Interzero Polska\",\"url\":\"https:\/\/interzero.es\/\",\"logo\":{\"@type\":\"ImageObject\",\"inLanguage\":\"en-GB\",\"@id\":\"https:\/\/interzero.es\/#\/schema\/logo\/image\/\",\"url\":\"https:\/\/l.interzero.at\/es\/wp-content\/uploads\/sites\/16\/2024\/07\/Interzero.png\",\"contentUrl\":\"https:\/\/l.interzero.at\/es\/wp-content\/uploads\/sites\/16\/2024\/07\/Interzero.png\",\"width\":1920,\"height\":1080,\"caption\":\"Interzero Polska\"},\"image\":{\"@id\":\"https:\/\/interzero.es\/#\/schema\/logo\/image\/\"},\"sameAs\":[\"https:\/\/www.facebook.com\/InterzeroPolska\",\"https:\/\/x.com\/InterzeroPolska\",\"https:\/\/www.linkedin.com\/company\/interzero-zero-waste-solutions\/\"]}]}<\/script>\n<!-- \/ Yoast SEO plugin. -->","yoast_head_json":{"title":"Discover Interzero Spain: pioneers of sustainable development","description":"Interzero Spain offering integrated environmental services. Find out how we work for the benefit of our customers and for a world without waste.","robots":{"index":"index","follow":"follow","max-snippet":"max-snippet:-1","max-image-preview":"max-image-preview:large","max-video-preview":"max-video-preview:-1"},"canonical":"https:\/\/interzero.es\/en\/about-the-company\/","og_locale":"en_GB","og_type":"article","og_title":"Descubre Interzero Espa\u00f1a: pioneros del desarrollo sostenible","og_description":"Interzero Espa\u00f1a ofreciendo servicios medioambientales integrados. Descubra c\u00f3mo trabajamos en beneficio de nuestros clientes y por un mundo sin residuos.","og_url":"https:\/\/interzero.es\/en\/about-the-company\/","og_site_name":"Interzero Espa\u00f1a","article_publisher":"https:\/\/www.facebook.com\/InterzeroPolska","article_modified_time":"2025-06-09T10:47:44+00:00","og_image":[{"width":1870,"height":555,"url":"https:\/\/interzero.es\/wp-content\/uploads\/sites\/16\/2022\/10\/interzero-unternehmen-1870x555-1.jpg","type":"image\/jpeg"}],"twitter_card":"summary_large_image","twitter_site":"@InterzeroPolska","twitter_misc":{"Estimated reading time":"2 minutes"},"schema":{"@context":"https:\/\/schema.org","@graph":[{"@type":"WebPage","@id":"https:\/\/interzero.es\/acerca-de-interzero\/","url":"https:\/\/interzero.es\/acerca-de-interzero\/","name":"Discover Interzero Spain: pioneers of sustainable development","isPartOf":{"@id":"https:\/\/interzero.es\/#website"},"primaryImageOfPage":{"@id":"https:\/\/interzero.es\/acerca-de-interzero\/#primaryimage"},"image":{"@id":"https:\/\/interzero.es\/acerca-de-interzero\/#primaryimage"},"thumbnailUrl":"https:\/\/interzero.es\/wp-content\/uploads\/sites\/16\/2022\/10\/interzero-unternehmen-1870x555-1.jpg","datePublished":"2022-11-18T07:40:08+00:00","dateModified":"2025-06-09T10:47:44+00:00","description":"Interzero Spain offering integrated environmental services. Find out how we work for the benefit of our customers and for a world without waste.","breadcrumb":{"@id":"https:\/\/interzero.es\/acerca-de-interzero\/#breadcrumb"},"inLanguage":"en-GB","potentialAction":[{"@type":"ReadAction","target":["https:\/\/interzero.es\/acerca-de-interzero\/"]}]},{"@type":"ImageObject","inLanguage":"en-GB","@id":"https:\/\/interzero.es\/acerca-de-interzero\/#primaryimage","url":"https:\/\/interzero.es\/wp-content\/uploads\/sites\/16\/2022\/10\/interzero-unternehmen-1870x555-1.jpg","contentUrl":"https:\/\/interzero.es\/wp-content\/uploads\/sites\/16\/2022\/10\/interzero-unternehmen-1870x555-1.jpg","width":1870,"height":555,"caption":"Grafika Interzero - wysokie g\u00f3ry i g\u00f3rskie jezioro, w kt\u00f3rym odbijaj\u0105 si\u0119 sylwetki wie\u017cowc\u00f3w"},{"@type":"BreadcrumbList","@id":"https:\/\/interzero.es\/acerca-de-interzero\/#breadcrumb","itemListElement":[{"@type":"ListItem","position":1,"name":"Home","item":"https:\/\/interzero.es\/"},{"@type":"ListItem","position":2,"name":"Acerca de Interzero"}]},{"@type":"WebSite","@id":"https:\/\/interzero.es\/#website","url":"https:\/\/interzero.es\/","name":"Interzero Polska | Rozwi\u0105zania dla \u015bwiata bez odpad\u00f3w","description":"We offer innovative and comprehensive environmental solutions","publisher":{"@id":"https:\/\/interzero.es\/#organization"},"potentialAction":[{"@type":"SearchAction","target":{"@type":"EntryPoint","urlTemplate":"https:\/\/interzero.es\/?s={search_term_string}"},"query-input":{"@type":"PropertyValueSpecification","valueRequired":true,"valueName":"search_term_string"}}],"inLanguage":"en-GB"},{"@type":"Organization","@id":"https:\/\/interzero.es\/#organization","name":"Interzero Polska","url":"https:\/\/interzero.es\/","logo":{"@type":"ImageObject","inLanguage":"en-GB","@id":"https:\/\/interzero.es\/#\/schema\/logo\/image\/","url":"https:\/\/l.interzero.at\/es\/wp-content\/uploads\/sites\/16\/2024\/07\/Interzero.png","contentUrl":"https:\/\/l.interzero.at\/es\/wp-content\/uploads\/sites\/16\/2024\/07\/Interzero.png","width":1920,"height":1080,"caption":"Interzero Polska"},"image":{"@id":"https:\/\/interzero.es\/#\/schema\/logo\/image\/"},"sameAs":["https:\/\/www.facebook.com\/InterzeroPolska","https:\/\/x.com\/InterzeroPolska","https:\/\/www.linkedin.com\/company\/interzero-zero-waste-solutions\/"]}]}},"_links":{"self":[{"href":"https:\/\/interzero.es\/en\/wp-json\/wp\/v2\/pages\/3094","targetHints":{"allow":["GET"]}}],"collection":[{"href":"https:\/\/interzero.es\/en\/wp-json\/wp\/v2\/pages"}],"about":[{"href":"https:\/\/interzero.es\/en\/wp-json\/wp\/v2\/types\/page"}],"author":[{"embeddable":true,"href":"https:\/\/interzero.es\/en\/wp-json\/wp\/v2\/users\/18"}],"replies":[{"embeddable":true,"href":"https:\/\/interzero.es\/en\/wp-json\/wp\/v2\/comments?post=3094"}],"version-history":[{"count":47,"href":"https:\/\/interzero.es\/en\/wp-json\/wp\/v2\/pages\/3094\/revisions"}],"predecessor-version":[{"id":18751,"href":"https:\/\/interzero.es\/en\/wp-json\/wp\/v2\/pages\/3094\/revisions\/18751"}],"wp:featuredmedia":[{"embeddable":true,"href":"https:\/\/interzero.es\/en\/wp-json\/wp\/v2\/media\/2035"}],"wp:attachment":[{"href":"https:\/\/interzero.es\/en\/wp-json\/wp\/v2\/media?parent=3094"}],"wp:term":[{"taxonomy":"wf_page_folders","embeddable":true,"href":"https:\/\/interzero.es\/en\/wp-json\/wp\/v2\/wf_page_folders?post=3094"}],"curies":[{"name":"wp","href":"https:\/\/api.w.org\/{rel}","templated":true}]}}