{"id":19115,"date":"2026-04-07T11:10:36","date_gmt":"2026-04-07T09:10:36","guid":{"rendered":"https:\/\/interzero.es\/?page_id=19115"},"modified":"2026-04-07T15:47:08","modified_gmt":"2026-04-07T13:47:08","slug":"blog","status":"publish","type":"page","link":"https:\/\/interzero.es\/en\/blog\/","title":{"rendered":"Blog"},"content":{"rendered":"<div class=\"wpb-content-wrapper\"><div data-parent=\"true\" class=\"vc_row row-container\" id=\"row-unique-0\"><div class=\"row limit-width row-parent\"><div class=\"wpb_row row-inner\"><div class=\"wpb_column pos-top pos-center align_center column_parent col-lg-12 single-internal-gutter\"><div class=\"uncol style-light\"  ><div class=\"uncoltable\"><div class=\"uncell no-block-padding\" ><div class=\"uncont\" ><div class=\"vc_custom_heading_wrap\"><div class=\"heading-text el-text\" ><\/p>\n<h1><strong>Interzero \u2013 \u00daltimas noticias<\/strong><\/h1>\n<p>\n<\/div><div class=\"clear\"><\/div><\/div><div class=\"uncode_text_column text-lead\" ><p>Descubra todas las novedades sobre Interzero, nuestros servicios y nuestros productos.<\/p>\n<\/div><\/div><\/div><\/div><\/div><\/div><script id=\"script-row-unique-0\" data-row=\"script-row-unique-0\" type=\"text\/javascript\" class=\"vc_controls\">UNCODE.initRow(document.getElementById(\"row-unique-0\"));<\/script><\/div><\/div><\/div><div data-parent=\"true\" class=\"vc_row row-container\" id=\"row-unique-1\"><div class=\"row limit-width row-parent\"><div class=\"wpb_row row-inner\"><div class=\"wpb_column pos-top pos-center align_left column_parent col-lg-12 single-internal-gutter\"><div class=\"uncol style-light\"  ><div class=\"uncoltable\"><div class=\"uncell no-block-padding\" ><div class=\"uncont\" ><div id=\"index-120760\" class=\"isotope-system isotope-general-light grid-general-light iz-blog-carousel\" >\n\t\t\t\n\t\t\t\t\t\t\t\t\t\t\t\t\t\t<div class=\"isotope-wrapper grid-wrapper single-gutter\" >\t\t\t\t\t\t\t\t\t\t\t\t<div class=\"isotope-container grid-container isotope-layout style-masonry isotope-infinite grid-infinite isotope-infinite-button grid-infinite-button\" data-type=\"masonry\" data-layout=\"masonry\" data-lg=\"1000\" data-md=\"600\" data-sm=\"480\" data-vp-height=\"\">\t\t\t<div class=\"tmb atc-typography-inherit tmb-iso-w4 tmb-iso-h4 tmb-light tmb-overlay-text-anim tmb-overlay-anim tmb-content-left tmb-image-anim  grid-cat-89 tmb-id-18680 tmb-content-under tmb-media-first\" ><div class=\"t-inside style-color-lxmt-bg animate_when_almost_visible bottom-t-top\" ><div class=\"t-entry-visual\"><div class=\"t-entry-visual-tc\"><div class=\"t-entry-visual-cont\"><div class=\"dummy\" style=\"padding-top: 67.5%;\"><\/div><a role=\"button\" tabindex=\"-1\" href=\"https:\/\/interzero.es\/en\/blog\/new-european-packaging-regulation-redefines-the-rules-for-spanish-companies\/\" class=\"pushed\" aria-label=\"PPWR in Spain new obligations for companies and sustainable packaging\"  target=\"_self\" data-lb-index=\"0\"><div class=\"t-entry-visual-overlay\"><div class=\"t-entry-visual-overlay-in style-dark-bg\" style=\"opacity: 0.5;\"><\/div><\/div><img decoding=\"async\" class=\"wp-image-19107\" src=\"https:\/\/interzero.es\/wp-content\/uploads\/sites\/16\/2026\/04\/PPWR-en-Espana-nuevas-obligaciones-para-empresas-y-envases-sostenibles-1.jpg\" width=\"1600\" height=\"1080\" alt=\"PPWR in Spain new obligations for companies and sustainable packaging\" srcset=\"https:\/\/interzero.es\/wp-content\/uploads\/sites\/16\/2026\/04\/PPWR-en-Espana-nuevas-obligaciones-para-empresas-y-envases-sostenibles-1.jpg 1600w, https:\/\/interzero.es\/wp-content\/uploads\/sites\/16\/2026\/04\/PPWR-en-Espana-nuevas-obligaciones-para-empresas-y-envases-sostenibles-1-300x203.jpg 300w, https:\/\/interzero.es\/wp-content\/uploads\/sites\/16\/2026\/04\/PPWR-en-Espana-nuevas-obligaciones-para-empresas-y-envases-sostenibles-1-1024x691.jpg 1024w, https:\/\/interzero.es\/wp-content\/uploads\/sites\/16\/2026\/04\/PPWR-en-Espana-nuevas-obligaciones-para-empresas-y-envases-sostenibles-1-768x518.jpg 768w, https:\/\/interzero.es\/wp-content\/uploads\/sites\/16\/2026\/04\/PPWR-en-Espana-nuevas-obligaciones-para-empresas-y-envases-sostenibles-1-1536x1037.jpg 1536w, https:\/\/interzero.es\/wp-content\/uploads\/sites\/16\/2026\/04\/PPWR-en-Espana-nuevas-obligaciones-para-empresas-y-envases-sostenibles-1-18x12.jpg 18w, https:\/\/interzero.es\/wp-content\/uploads\/sites\/16\/2026\/04\/PPWR-en-Espana-nuevas-obligaciones-para-empresas-y-envases-sostenibles-1-350x236.jpg 350w, https:\/\/interzero.es\/wp-content\/uploads\/sites\/16\/2026\/04\/PPWR-en-Espana-nuevas-obligaciones-para-empresas-y-envases-sostenibles-1-uai-1440x972.jpg 1440w, https:\/\/interzero.es\/wp-content\/uploads\/sites\/16\/2026\/04\/PPWR-en-Espana-nuevas-obligaciones-para-empresas-y-envases-sostenibles-1-uai-1032x697.jpg 1032w, https:\/\/interzero.es\/wp-content\/uploads\/sites\/16\/2026\/04\/PPWR-en-Espana-nuevas-obligaciones-para-empresas-y-envases-sostenibles-1-uai-258x174.jpg 258w, https:\/\/interzero.es\/wp-content\/uploads\/sites\/16\/2026\/04\/PPWR-en-Espana-nuevas-obligaciones-para-empresas-y-envases-sostenibles-1-uai-720x486.jpg 720w, https:\/\/interzero.es\/wp-content\/uploads\/sites\/16\/2026\/04\/PPWR-en-Espana-nuevas-obligaciones-para-empresas-y-envases-sostenibles-1-uai-516x348.jpg 516w\" sizes=\"(max-width: 1600px) 100vw, 1600px\" \/><\/a><\/div>\n\t\t\t\t\t<\/div>\n\t\t\t\t<\/div><div class=\"t-entry-text\">\n\t\t\t\t\t\t\t\t\t<div class=\"t-entry-text-tc single-block-padding\"><div class=\"t-entry\"><p class=\"t-entry-meta\"><span class=\"t-entry-date\">03\/04\/2026<\/span><\/p><h3 class=\"t-entry-title font-212005 h4 title-scale\"><a href=\"https:\/\/interzero.es\/en\/blog\/new-european-packaging-regulation-redefines-the-rules-for-spanish-companies\/\" target=\"_self\">New European packaging regulation redefines rules for Spanish companies<\/a><\/h3><div class=\"t-entry-excerpt\"><p>The new European Packaging Regulation (PPWR) introduces stricter requirements for companies in Spain.<\/p>\n<\/div><p class=\"t-entry-readmore btn-container\"><a href=\"https:\/\/interzero.es\/en\/blog\/new-european-packaging-regulation-redefines-the-rules-for-spanish-companies\/\" class=\"btn btn-link btn-flat\" target=\"_self\">Read More<\/a><\/p><\/div><\/div>\n\t\t\t\t\t\t\t<\/div><\/div><\/div>\t\t<\/div>\t\n\t\n\n\t<\/div>\t\t\t<div class=\"isotope-footer grid-footer style-light without-bg single-gutter\">\n\t\t\t\t\t<\/div>\n\t\t\t\t<\/div>\n<\/div><\/div><\/div><\/div><\/div><script id=\"script-row-unique-1\" data-row=\"script-row-unique-1\" type=\"text\/javascript\" class=\"vc_controls\">UNCODE.initRow(document.getElementById(\"row-unique-1\"));<\/script><\/div><\/div><\/div>\n<\/div>","protected":false},"excerpt":{"rendered":"El nuevo reglamento europeo de envases redefine las reglas para las empresas espa\u00f1olas La aprobaci\u00f3n del Reglamento europeo de envases [...]","protected":false},"author":28,"featured_media":19110,"parent":0,"menu_order":0,"comment_status":"closed","ping_status":"closed","template":"","meta":{"_acf_changed":false,"inline_featured_image":false,"footnotes":""},"wf_page_folders":[],"class_list":["post-19115","page","type-page","status-publish","has-post-thumbnail","hentry"],"acf":[],"yoast_head":"<!-- This site is optimized with the Yoast SEO plugin v26.4 - https:\/\/yoast.com\/wordpress\/plugins\/seo\/ -->\n<title>Blog sobre sostenibilidad, reciclaje y normativa ambiental | Interzero<\/title>\n<meta name=\"description\" content=\"Descubre art\u00edculos pr\u00e1cticos sobre econom\u00eda circular, reciclaje, RAP\/EPR y normativa ambiental en Espa\u00f1a y la UE. Mantente al d\u00eda con los cambios que afectan a tu empresa.\" \/>\n<meta name=\"robots\" content=\"index, follow, max-snippet:-1, max-image-preview:large, max-video-preview:-1\" \/>\n<link rel=\"canonical\" href=\"https:\/\/interzero.es\/en\/blog\/\" \/>\n<meta property=\"og:locale\" content=\"en_GB\" \/>\n<meta property=\"og:type\" content=\"article\" \/>\n<meta property=\"og:title\" content=\"Blog sobre sostenibilidad, reciclaje y normativa ambiental | Interzero\" \/>\n<meta property=\"og:description\" content=\"Descubre art\u00edculos pr\u00e1cticos sobre econom\u00eda circular, reciclaje, RAP\/EPR y normativa ambiental en Espa\u00f1a y la UE. Mantente al d\u00eda con los cambios que afectan a tu empresa.\" \/>\n<meta property=\"og:url\" content=\"https:\/\/interzero.es\/en\/blog\/\" \/>\n<meta property=\"og:site_name\" content=\"Interzero Espa\u00f1a\" \/>\n<meta property=\"article:publisher\" content=\"https:\/\/www.facebook.com\/InterzeroPolska\" \/>\n<meta property=\"article:modified_time\" content=\"2026-04-07T13:47:08+00:00\" \/>\n<meta property=\"og:image\" content=\"https:\/\/interzero.es\/wp-content\/uploads\/sites\/16\/2023\/02\/Frau-schaut-auf-Handy-in-den-Bergen.jpg\" \/>\n\t<meta property=\"og:image:width\" content=\"800\" \/>\n\t<meta property=\"og:image:height\" content=\"533\" \/>\n\t<meta property=\"og:image:type\" content=\"image\/jpeg\" \/>\n<meta name=\"twitter:card\" content=\"summary_large_image\" \/>\n<meta name=\"twitter:title\" content=\"Blog sobre sostenibilidad, reciclaje y normativa ambiental | Interzero\" \/>\n<meta name=\"twitter:description\" content=\"Descubre art\u00edculos pr\u00e1cticos sobre econom\u00eda circular, reciclaje, RAP\/EPR y normativa ambiental en Espa\u00f1a y la UE. Mantente al d\u00eda con los cambios que afectan a tu empresa.\" \/>\n<meta name=\"twitter:image\" content=\"https:\/\/interzero.es\/wp-content\/uploads\/sites\/16\/2023\/02\/Frau-schaut-auf-Handy-in-den-Bergen.jpg\" \/>\n<meta name=\"twitter:site\" content=\"@InterzeroPolska\" \/>\n<meta name=\"twitter:label1\" content=\"Estimated reading time\" \/>\n\t<meta name=\"twitter:data1\" content=\"1 minute\" \/>\n<script type=\"application\/ld+json\" class=\"yoast-schema-graph\">{\"@context\":\"https:\/\/schema.org\",\"@graph\":[{\"@type\":\"WebPage\",\"@id\":\"https:\/\/interzero.es\/blog\/\",\"url\":\"https:\/\/interzero.es\/blog\/\",\"name\":\"Blog sobre sostenibilidad, reciclaje y normativa ambiental | Interzero\",\"isPartOf\":{\"@id\":\"https:\/\/interzero.es\/#website\"},\"primaryImageOfPage\":{\"@id\":\"https:\/\/interzero.es\/blog\/#primaryimage\"},\"image\":{\"@id\":\"https:\/\/interzero.es\/blog\/#primaryimage\"},\"thumbnailUrl\":\"https:\/\/interzero.es\/wp-content\/uploads\/sites\/16\/2023\/02\/Frau-schaut-auf-Handy-in-den-Bergen.jpg\",\"datePublished\":\"2026-04-07T09:10:36+00:00\",\"dateModified\":\"2026-04-07T13:47:08+00:00\",\"description\":\"Descubre art\u00edculos pr\u00e1cticos sobre econom\u00eda circular, reciclaje, RAP\/EPR y normativa ambiental en Espa\u00f1a y la UE. Mantente al d\u00eda con los cambios que afectan a tu empresa.\",\"breadcrumb\":{\"@id\":\"https:\/\/interzero.es\/blog\/#breadcrumb\"},\"inLanguage\":\"en-GB\",\"potentialAction\":[{\"@type\":\"ReadAction\",\"target\":[\"https:\/\/interzero.es\/blog\/\"]}]},{\"@type\":\"ImageObject\",\"inLanguage\":\"en-GB\",\"@id\":\"https:\/\/interzero.es\/blog\/#primaryimage\",\"url\":\"https:\/\/interzero.es\/wp-content\/uploads\/sites\/16\/2023\/02\/Frau-schaut-auf-Handy-in-den-Bergen.jpg\",\"contentUrl\":\"https:\/\/interzero.es\/wp-content\/uploads\/sites\/16\/2023\/02\/Frau-schaut-auf-Handy-in-den-Bergen.jpg\",\"width\":800,\"height\":533,\"caption\":\"Young female with backpacker using phone while out on an adventurous in the mountains\"},{\"@type\":\"BreadcrumbList\",\"@id\":\"https:\/\/interzero.es\/blog\/#breadcrumb\",\"itemListElement\":[{\"@type\":\"ListItem\",\"position\":1,\"name\":\"Home\",\"item\":\"https:\/\/interzero.es\/\"},{\"@type\":\"ListItem\",\"position\":2,\"name\":\"Blog\"}]},{\"@type\":\"WebSite\",\"@id\":\"https:\/\/interzero.es\/#website\",\"url\":\"https:\/\/interzero.es\/\",\"name\":\"Interzero Polska | Rozwi\u0105zania dla \u015bwiata bez odpad\u00f3w\",\"description\":\"Ofrecemos soluciones medioambientales innovadoras y completas\",\"publisher\":{\"@id\":\"https:\/\/interzero.es\/#organization\"},\"potentialAction\":[{\"@type\":\"SearchAction\",\"target\":{\"@type\":\"EntryPoint\",\"urlTemplate\":\"https:\/\/interzero.es\/?s={search_term_string}\"},\"query-input\":{\"@type\":\"PropertyValueSpecification\",\"valueRequired\":true,\"valueName\":\"search_term_string\"}}],\"inLanguage\":\"en-GB\"},{\"@type\":\"Organization\",\"@id\":\"https:\/\/interzero.es\/#organization\",\"name\":\"Interzero Polska\",\"url\":\"https:\/\/interzero.es\/\",\"logo\":{\"@type\":\"ImageObject\",\"inLanguage\":\"en-GB\",\"@id\":\"https:\/\/interzero.es\/#\/schema\/logo\/image\/\",\"url\":\"https:\/\/l.interzero.at\/es\/wp-content\/uploads\/sites\/16\/2024\/07\/Interzero.png\",\"contentUrl\":\"https:\/\/l.interzero.at\/es\/wp-content\/uploads\/sites\/16\/2024\/07\/Interzero.png\",\"width\":1920,\"height\":1080,\"caption\":\"Interzero Polska\"},\"image\":{\"@id\":\"https:\/\/interzero.es\/#\/schema\/logo\/image\/\"},\"sameAs\":[\"https:\/\/www.facebook.com\/InterzeroPolska\",\"https:\/\/x.com\/InterzeroPolska\",\"https:\/\/www.linkedin.com\/company\/interzero-zero-waste-solutions\/\"]}]}<\/script>\n<!-- \/ Yoast SEO plugin. -->","yoast_head_json":{"title":"Blog sobre sostenibilidad, reciclaje y normativa ambiental | Interzero","description":"Descubre art\u00edculos pr\u00e1cticos sobre econom\u00eda circular, reciclaje, RAP\/EPR y normativa ambiental en Espa\u00f1a y la UE. Mantente al d\u00eda con los cambios que afectan a tu empresa.","robots":{"index":"index","follow":"follow","max-snippet":"max-snippet:-1","max-image-preview":"max-image-preview:large","max-video-preview":"max-video-preview:-1"},"canonical":"https:\/\/interzero.es\/en\/blog\/","og_locale":"en_GB","og_type":"article","og_title":"Blog sobre sostenibilidad, reciclaje y normativa ambiental | Interzero","og_description":"Descubre art\u00edculos pr\u00e1cticos sobre econom\u00eda circular, reciclaje, RAP\/EPR y normativa ambiental en Espa\u00f1a y la UE. Mantente al d\u00eda con los cambios que afectan a tu empresa.","og_url":"https:\/\/interzero.es\/en\/blog\/","og_site_name":"Interzero Espa\u00f1a","article_publisher":"https:\/\/www.facebook.com\/InterzeroPolska","article_modified_time":"2026-04-07T13:47:08+00:00","og_image":[{"width":800,"height":533,"url":"https:\/\/interzero.es\/wp-content\/uploads\/sites\/16\/2023\/02\/Frau-schaut-auf-Handy-in-den-Bergen.jpg","type":"image\/jpeg"}],"twitter_card":"summary_large_image","twitter_title":"Blog sobre sostenibilidad, reciclaje y normativa ambiental | Interzero","twitter_description":"Descubre art\u00edculos pr\u00e1cticos sobre econom\u00eda circular, reciclaje, RAP\/EPR y normativa ambiental en Espa\u00f1a y la UE. Mantente al d\u00eda con los cambios que afectan a tu empresa.","twitter_image":"https:\/\/interzero.es\/wp-content\/uploads\/sites\/16\/2023\/02\/Frau-schaut-auf-Handy-in-den-Bergen.jpg","twitter_site":"@InterzeroPolska","twitter_misc":{"Estimated reading time":"1 minute"},"schema":{"@context":"https:\/\/schema.org","@graph":[{"@type":"WebPage","@id":"https:\/\/interzero.es\/blog\/","url":"https:\/\/interzero.es\/blog\/","name":"Blog sobre sostenibilidad, reciclaje y normativa ambiental | Interzero","isPartOf":{"@id":"https:\/\/interzero.es\/#website"},"primaryImageOfPage":{"@id":"https:\/\/interzero.es\/blog\/#primaryimage"},"image":{"@id":"https:\/\/interzero.es\/blog\/#primaryimage"},"thumbnailUrl":"https:\/\/interzero.es\/wp-content\/uploads\/sites\/16\/2023\/02\/Frau-schaut-auf-Handy-in-den-Bergen.jpg","datePublished":"2026-04-07T09:10:36+00:00","dateModified":"2026-04-07T13:47:08+00:00","description":"Descubre art\u00edculos pr\u00e1cticos sobre econom\u00eda circular, reciclaje, RAP\/EPR y normativa ambiental en Espa\u00f1a y la UE. Mantente al d\u00eda con los cambios que afectan a tu empresa.","breadcrumb":{"@id":"https:\/\/interzero.es\/blog\/#breadcrumb"},"inLanguage":"en-GB","potentialAction":[{"@type":"ReadAction","target":["https:\/\/interzero.es\/blog\/"]}]},{"@type":"ImageObject","inLanguage":"en-GB","@id":"https:\/\/interzero.es\/blog\/#primaryimage","url":"https:\/\/interzero.es\/wp-content\/uploads\/sites\/16\/2023\/02\/Frau-schaut-auf-Handy-in-den-Bergen.jpg","contentUrl":"https:\/\/interzero.es\/wp-content\/uploads\/sites\/16\/2023\/02\/Frau-schaut-auf-Handy-in-den-Bergen.jpg","width":800,"height":533,"caption":"Young female with backpacker using phone while out on an adventurous in the mountains"},{"@type":"BreadcrumbList","@id":"https:\/\/interzero.es\/blog\/#breadcrumb","itemListElement":[{"@type":"ListItem","position":1,"name":"Home","item":"https:\/\/interzero.es\/"},{"@type":"ListItem","position":2,"name":"Blog"}]},{"@type":"WebSite","@id":"https:\/\/interzero.es\/#website","url":"https:\/\/interzero.es\/","name":"Interzero Polska | Rozwi\u0105zania dla \u015bwiata bez odpad\u00f3w","description":"We offer innovative and comprehensive environmental solutions","publisher":{"@id":"https:\/\/interzero.es\/#organization"},"potentialAction":[{"@type":"SearchAction","target":{"@type":"EntryPoint","urlTemplate":"https:\/\/interzero.es\/?s={search_term_string}"},"query-input":{"@type":"PropertyValueSpecification","valueRequired":true,"valueName":"search_term_string"}}],"inLanguage":"en-GB"},{"@type":"Organization","@id":"https:\/\/interzero.es\/#organization","name":"Interzero Polska","url":"https:\/\/interzero.es\/","logo":{"@type":"ImageObject","inLanguage":"en-GB","@id":"https:\/\/interzero.es\/#\/schema\/logo\/image\/","url":"https:\/\/l.interzero.at\/es\/wp-content\/uploads\/sites\/16\/2024\/07\/Interzero.png","contentUrl":"https:\/\/l.interzero.at\/es\/wp-content\/uploads\/sites\/16\/2024\/07\/Interzero.png","width":1920,"height":1080,"caption":"Interzero Polska"},"image":{"@id":"https:\/\/interzero.es\/#\/schema\/logo\/image\/"},"sameAs":["https:\/\/www.facebook.com\/InterzeroPolska","https:\/\/x.com\/InterzeroPolska","https:\/\/www.linkedin.com\/company\/interzero-zero-waste-solutions\/"]}]}},"_links":{"self":[{"href":"https:\/\/interzero.es\/en\/wp-json\/wp\/v2\/pages\/19115","targetHints":{"allow":["GET"]}}],"collection":[{"href":"https:\/\/interzero.es\/en\/wp-json\/wp\/v2\/pages"}],"about":[{"href":"https:\/\/interzero.es\/en\/wp-json\/wp\/v2\/types\/page"}],"author":[{"embeddable":true,"href":"https:\/\/interzero.es\/en\/wp-json\/wp\/v2\/users\/28"}],"replies":[{"embeddable":true,"href":"https:\/\/interzero.es\/en\/wp-json\/wp\/v2\/comments?post=19115"}],"version-history":[{"count":6,"href":"https:\/\/interzero.es\/en\/wp-json\/wp\/v2\/pages\/19115\/revisions"}],"predecessor-version":[{"id":19126,"href":"https:\/\/interzero.es\/en\/wp-json\/wp\/v2\/pages\/19115\/revisions\/19126"}],"wp:featuredmedia":[{"embeddable":true,"href":"https:\/\/interzero.es\/en\/wp-json\/wp\/v2\/media\/19110"}],"wp:attachment":[{"href":"https:\/\/interzero.es\/en\/wp-json\/wp\/v2\/media?parent=19115"}],"wp:term":[{"taxonomy":"wf_page_folders","embeddable":true,"href":"https:\/\/interzero.es\/en\/wp-json\/wp\/v2\/wf_page_folders?post=19115"}],"curies":[{"name":"wp","href":"https:\/\/api.w.org\/{rel}","templated":true}]}}