{"id":18649,"date":"2025-06-05T14:07:52","date_gmt":"2025-06-05T12:07:52","guid":{"rendered":"https:\/\/interzero.es\/?page_id=18649"},"modified":"2026-04-22T11:07:40","modified_gmt":"2026-04-22T09:07:40","slug":"plan-de-circularidad-textiles","status":"publish","type":"page","link":"https:\/\/interzero.es\/en\/services\/waste-management\/textile-circularity-plan\/","title":{"rendered":"Circularity plans for textile products"},"content":{"rendered":"<div class=\"wpb-content-wrapper\"><div data-parent=\"true\" class=\"vc_row row-container\" id=\"row-unique-0\"><div class=\"row limit-width row-parent\"><div class=\"wpb_row row-inner\"><div class=\"wpb_column pos-top pos-center align_left column_parent col-lg-12 single-internal-gutter\"><div class=\"uncol style-light\"  ><div class=\"uncoltable\"><div class=\"uncell no-block-padding\" ><div class=\"uncont\" ><div class=\"vc_custom_heading_wrap\"><div class=\"heading-text el-text\" ><\/p>\n<h1><strong>Circularity plans for textile products<\/strong><\/h1>\n<p>\n<\/div><div class=\"clear\"><\/div><\/div><div class=\"uncode_text_column\" ><p>In a world that increasingly demands environmental responsibility, textile recycling has become an essential step towards a sustainable future.<\/p>\n<p>At INTERZERO we accompany you in the design and execution of textile recycling projects that not only contribute to the circular economy, but also rigorously comply with all current regulations.<\/p>\n<\/div><\/div><\/div><\/div><\/div><\/div><script id=\"script-row-unique-0\" data-row=\"script-row-unique-0\" type=\"text\/javascript\" class=\"vc_controls\">UNCODE.initRow(document.getElementById(\"row-unique-0\"));<\/script><\/div><\/div><\/div><div data-parent=\"true\" class=\"vc_row row-container\" id=\"row-unique-1\"><div class=\"row limit-width row-parent\"><div class=\"wpb_row row-inner\"><div class=\"wpb_column pos-top pos-center align_left column_parent col-lg-12 single-internal-gutter\"><div class=\"uncol style-light\"  ><div class=\"uncoltable\"><div class=\"uncell no-block-padding\" ><div class=\"uncont\" ><div class=\"uncode_text_column\" ><p>Our experience in waste management and extended producer responsibility (EPR) allows us to offer comprehensive solutions tailored to your company's needs. We take care of the entire process: from project planning, collection and sorting of materials, to recovery or proper disposal of textiles. In addition, we ensure that all activities are carried out in accordance with local, national and international laws governing textile waste management.<\/p>\n<p>With our services, your company will not only reduce its environmental impact, but also strengthen its corporate image, demonstrating a real commitment to sustainability. We manage regulatory compliance from start to finish: we help you obtain the necessary licences, register your products in accordance with current legislation and submit the mandatory reports to the relevant authorities.<\/p>\n<p>From reusing fibres in new products to creating innovative sustainable fashion lines, our projects give you a competitive edge in a market that increasingly values social and environmental responsibility.<\/p>\n<p>At INTERZERO, we believe in a waste-free future. We invite you to be part of the change, driving textile recycling projects that make a difference. Our team of experts is ready to advise you at every stage, ensuring that your initiative is not only successful, but also fully compliant.<\/p>\n<p>Become a protagonist of sustainable transformation.<\/p>\n<p><strong>Contact us and start your compliant textile recycling project today.<\/strong><\/p>\n<\/div><\/div><\/div><\/div><\/div><\/div><script id=\"script-row-unique-1\" data-row=\"script-row-unique-1\" type=\"text\/javascript\" class=\"vc_controls\">UNCODE.initRow(document.getElementById(\"row-unique-1\"));<\/script><\/div><\/div><\/div><div data-parent=\"true\" class=\"vc_row row-container\" id=\"row-unique-3\"><div class=\"row limit-width row-parent\"><div class=\"wpb_row row-inner\"><div class=\"wpb_column pos-top pos-center align_left column_parent col-lg-12 single-internal-gutter\"><div class=\"uncol style-light\"  ><div class=\"uncoltable\"><div class=\"uncell no-block-padding\" ><div class=\"uncont\" >\n\t<div class=\"wpb_raw_code wpb_raw_html\" >\n\t\t<div class=\"wpb_wrapper\">\n\t\t\t<a name=\"kontaktformular\"><\/a>\n\t\t<\/div>\n\t<\/div>\n<\/div><\/div><\/div><\/div><\/div><script id=\"script-row-unique-3\" data-row=\"script-row-unique-3\" type=\"text\/javascript\" class=\"vc_controls\">UNCODE.initRow(document.getElementById(\"row-unique-3\"));<\/script><\/div><\/div><\/div><div data-parent=\"true\" class=\"vc_row row-container onepage-section\" data-label=\"kontakt\" data-name=\"kontakt\" id=\"row-unique-4\"><div class=\"row double-top-padding single-bottom-padding single-h-padding limit-width row-parent\"><div class=\"wpb_row row-inner\"><div class=\"wpb_column pos-top pos-center align_center column_parent col-lg-12 single-internal-gutter\"><div class=\"uncol style-light\"  ><div class=\"uncoltable\"><div class=\"uncell no-block-padding\" ><div class=\"uncont\" ><div class=\"vc_custom_heading_wrap\"><div class=\"heading-text el-text\" ><h2 class=\"h2\" ><span><strong>Contact<\/strong><\/span><\/h2><\/div><div class=\"clear\"><\/div><\/div><\/div><\/div><\/div><\/div><\/div><script id=\"script-row-unique-4\" data-row=\"script-row-unique-4\" type=\"text\/javascript\" class=\"vc_controls\">UNCODE.initRow(document.getElementById(\"row-unique-4\"));<\/script><\/div><\/div><\/div><div data-parent=\"true\" class=\"vc_row row-container\" id=\"row-unique-5\"><div class=\"row col-double-gutter single-top-padding double-bottom-padding single-h-padding limit-width row-parent\"><div class=\"wpb_row row-inner\"><div class=\"wpb_column pos-top pos-center align_center column_parent col-lg-6 single-internal-gutter\"><div class=\"uncol style-light\"  ><div class=\"uncoltable\"><div class=\"uncell no-block-padding\" ><div class=\"uncont\" ><div class=\"vc_row row-internal row-container\"><div class=\"row row-child\"><div class=\"wpb_row row-inner\"><div class=\"wpb_column pos-top pos-center align_center column_child col-lg-12 mt-contact-iconbox-top-hl no-internal-gutter\"><div class=\"uncol style-light unexpand\" ><div class=\"uncoltable\"><div class=\"uncell single-block-padding style-color-lxmt-bg\" ><div class=\"column-background background-element\">\n\t\t\t\t\t\t\t\t\t\t\t<div class=\"background-wrapper\">\n\t\t\t\t\t\t\t\t\t\t\t\t<div class=\"background-inner\" style=\"background-image: url(https:\/\/interzero.es\/wp-content\/uploads\/sites\/16\/2022\/05\/Related-Pages-570x320-nachhaltigkeitsbericht.jpg);background-repeat: no-repeat;background-position: center center;background-size: cover;\" data-o_src=\"https:\/\/interzero.es\/wp-content\/uploads\/sites\/16\/2022\/05\/Related-Pages-570x320-nachhaltigkeitsbericht.jpg\"><\/div>\n\t\t\t\t\t\t\t\t\t\t\t\t\n\t\t\t\t\t\t\t\t\t\t\t<\/div>\n\t\t\t\t\t\t\t\t\t\t<\/div><div class=\"uncont\" ><div class=\"empty-space empty-quad\" ><span class=\"empty-space-inner\"><\/span><\/div>\n<\/div><\/div><\/div><\/div><\/div><\/div><\/div><\/div><div class=\"vc_row row-internal row-container\"><div class=\"row row-child\"><div class=\"wpb_row row-inner\"><div class=\"wpb_column pos-top pos-center align_center column_child col-lg-12 mt-contact-iconbox-top-hl no-internal-gutter\"><div class=\"uncol style-light\" ><div class=\"uncoltable\"><div class=\"uncell single-block-padding style-color-lxmt-bg\" ><div class=\"uncont\" ><div class=\"icon-box icon-box-top\" ><div class=\"icon-box-icon fa-container\"><a role=\"button\" href=\"mailto:info@interzero.es\" class=\"text-default-color custom-link\"><span id=\"icon-135975\" style=\"width:50px\" class=\"icon-media\"><img decoding=\"async\" src=\"https:\/\/interzero.es\/wp-content\/uploads\/sites\/16\/2022\/10\/icon-email.svg\" alt=\"email\" \/><\/span><\/a><\/div><div class=\"icon-box-content\"><div class=\"icon-box-heading icon-box-fa-1x\"><h3 class=\"font-212005 h3\">info@interzero.es<\/h3><\/div><\/div><\/div><\/div><\/div><\/div><\/div><\/div><\/div><\/div><\/div><\/div><\/div><\/div><\/div><\/div><div class=\"wpb_column pos-top pos-center align_left column_parent col-lg-6 single-internal-gutter\"><div class=\"uncol style-light\"  ><div class=\"uncoltable\"><div class=\"uncell no-block-padding\" ><div class=\"uncont\" ><div class=\"uncode_text_column\" >\n<div class=\"wpcf7 no-js\" id=\"wpcf7-f18067-o1\" lang=\"en-US\" dir=\"ltr\" data-wpcf7-id=\"18067\">\n<div class=\"screen-reader-response\"><p role=\"status\" aria-live=\"polite\" aria-atomic=\"true\"><\/p> <ul><\/ul><\/div>\n<form action=\"\/en\/wp-json\/wp\/v2\/pages\/18649#wpcf7-f18067-o1\" method=\"post\" class=\"wpcf7-form init\" aria-label=\"Contact form\" novalidate=\"novalidate\" data-status=\"init\" data-trp-original-action=\"\/en\/wp-json\/wp\/v2\/pages\/18649#wpcf7-f18067-o1\">\n<fieldset class=\"hidden-fields-container\"><input type=\"hidden\" name=\"_wpcf7\" value=\"18067\" \/><input type=\"hidden\" name=\"_wpcf7_version\" value=\"6.1.3\" \/><input type=\"hidden\" name=\"_wpcf7_locale\" value=\"en_US\" \/><input type=\"hidden\" name=\"_wpcf7_unit_tag\" value=\"wpcf7-f18067-o1\" \/><input type=\"hidden\" name=\"_wpcf7_container_post\" value=\"0\" \/><input type=\"hidden\" name=\"_wpcf7_posted_data_hash\" value=\"\" \/>\n<\/fieldset>\n<p><label> Name<br \/>\n<span class=\"wpcf7-form-control-wrap\" data-name=\"your-name\"><input size=\"40\" maxlength=\"400\" class=\"wpcf7-form-control wpcf7-text wpcf7-validates-as-required\" autocomplete=\"name\" aria-required=\"true\" aria-invalid=\"false\" value=\"\" type=\"text\" name=\"your-name\" \/><\/span> <\/label>\n<\/p>\n<p><label> E-mail<br \/>\n<span class=\"wpcf7-form-control-wrap\" data-name=\"your-email\"><input size=\"40\" maxlength=\"400\" class=\"wpcf7-form-control wpcf7-email wpcf7-validates-as-required wpcf7-text wpcf7-validates-as-email\" autocomplete=\"email\" aria-required=\"true\" aria-invalid=\"false\" value=\"\" type=\"email\" name=\"your-email\" \/><\/span> <\/label>\n<\/p>\n<p><label> Subject<br \/>\n<span class=\"wpcf7-form-control-wrap\" data-name=\"your-subject\"><input size=\"40\" maxlength=\"400\" class=\"wpcf7-form-control wpcf7-text wpcf7-validates-as-required\" aria-required=\"true\" aria-invalid=\"false\" value=\"\" type=\"text\" name=\"your-subject\" \/><\/span> <\/label>\n<\/p>\n<p><label> Your message<br \/>\n<span class=\"wpcf7-form-control-wrap\" data-name=\"your-message\"><textarea cols=\"40\" rows=\"10\" maxlength=\"2000\" class=\"wpcf7-form-control wpcf7-textarea\" aria-invalid=\"false\" name=\"your-message\"><\/textarea><\/span> <\/label>\n<\/p>\n<p><label> How did you hear about us? <\/label><br \/>\n<span class=\"wpcf7-form-control-wrap\" data-name=\"select-209\"><select class=\"wpcf7-form-control wpcf7-select\" aria-invalid=\"false\" name=\"select-209\"><option value=\"\">-Please choose an option-<\/option><option value=\"Linkedin\">Linkedin<\/option><option value=\"Website\">Website<\/option><option value=\"Events\">Events<\/option><option value=\"Other\">Other<\/option><\/select><\/span>\n<\/p>\n<p><span class=\"wpcf7-form-control-wrap\" data-name=\"your-consent\"><span class=\"wpcf7-form-control wpcf7-acceptance\"><span class=\"wpcf7-list-item\"><label><input type=\"checkbox\" name=\"your-consent\" value=\"1\" aria-invalid=\"false\" \/><span class=\"wpcf7-list-item-label\">I have read the data protection information and, by submitting the contact form, I agree to the data I have provided being used for processing in accordance with our data protection guidelines. <a href=\"https:\/\/interzero.es\/en\/privacy-policy\/\" target=\"_blank\">Click here for the data protection notice. <\/a><\/span><\/label><\/span><\/span><\/span>\n<\/p>\n<p><input class=\"wpcf7-form-control wpcf7-submit has-spinner\" type=\"submit\" value=\"Send\" \/>\n<\/p><div class=\"wpcf7-response-output\" aria-hidden=\"true\"><\/div>\n<input type=\"hidden\" name=\"trp-form-language\" value=\"en\"\/><\/form>\n<\/div>\n\n<\/div><\/div><\/div><\/div><\/div><\/div><script id=\"script-row-unique-5\" data-row=\"script-row-unique-5\" type=\"text\/javascript\" class=\"vc_controls\">UNCODE.initRow(document.getElementById(\"row-unique-5\"));<\/script><\/div><\/div><\/div>\n<\/div>","protected":false},"excerpt":{"rendered":"Circularity plans for textile products In a world that demands more and more environmental responsibility, textile recycling [...]","protected":false},"author":28,"featured_media":18771,"parent":4967,"menu_order":0,"comment_status":"closed","ping_status":"closed","template":"","meta":{"_acf_changed":false,"inline_featured_image":false,"footnotes":""},"wf_page_folders":[76],"class_list":["post-18649","page","type-page","status-publish","has-post-thumbnail","hentry","page_category-es"],"acf":[],"yoast_head":"<!-- This site is optimized with the Yoast SEO plugin v26.4 - https:\/\/yoast.com\/wordpress\/plugins\/seo\/ -->\n<title>Planes de circularidad en productos textiles - Interzero Espa\u00f1a<\/title>\n<meta name=\"robots\" content=\"index, follow, max-snippet:-1, max-image-preview:large, max-video-preview:-1\" \/>\n<link rel=\"canonical\" href=\"https:\/\/interzero.es\/en\/services\/waste-management\/textile-circularity-plan\/\" \/>\n<meta property=\"og:locale\" content=\"en_GB\" \/>\n<meta property=\"og:type\" content=\"article\" \/>\n<meta property=\"og:title\" content=\"Planes de circularidad en productos textiles - Interzero Espa\u00f1a\" \/>\n<meta property=\"og:url\" content=\"https:\/\/interzero.es\/en\/services\/waste-management\/textile-circularity-plan\/\" \/>\n<meta property=\"og:site_name\" content=\"Interzero Espa\u00f1a\" \/>\n<meta property=\"article:publisher\" content=\"https:\/\/www.facebook.com\/InterzeroPolska\" \/>\n<meta property=\"article:modified_time\" content=\"2026-04-22T09:07:40+00:00\" \/>\n<meta property=\"og:image\" content=\"https:\/\/interzero.es\/wp-content\/uploads\/sites\/16\/2025\/06\/colors-life_1.jpg\" \/>\n\t<meta property=\"og:image:width\" content=\"1300\" \/>\n\t<meta property=\"og:image:height\" content=\"864\" \/>\n\t<meta property=\"og:image:type\" content=\"image\/jpeg\" \/>\n<meta name=\"twitter:card\" content=\"summary_large_image\" \/>\n<meta name=\"twitter:site\" content=\"@InterzeroPolska\" \/>\n<meta name=\"twitter:label1\" content=\"Estimated reading time\" \/>\n\t<meta name=\"twitter:data1\" content=\"2 minutes\" \/>\n<script type=\"application\/ld+json\" class=\"yoast-schema-graph\">{\"@context\":\"https:\/\/schema.org\",\"@graph\":[{\"@type\":\"WebPage\",\"@id\":\"https:\/\/interzero.es\/servicios\/gestion-de-residuos\/plan-de-circularidad-textiles\/\",\"url\":\"https:\/\/interzero.es\/servicios\/gestion-de-residuos\/plan-de-circularidad-textiles\/\",\"name\":\"Planes de circularidad en productos textiles - Interzero Espa\u00f1a\",\"isPartOf\":{\"@id\":\"https:\/\/interzero.es\/#website\"},\"primaryImageOfPage\":{\"@id\":\"https:\/\/interzero.es\/servicios\/gestion-de-residuos\/plan-de-circularidad-textiles\/#primaryimage\"},\"image\":{\"@id\":\"https:\/\/interzero.es\/servicios\/gestion-de-residuos\/plan-de-circularidad-textiles\/#primaryimage\"},\"thumbnailUrl\":\"https:\/\/interzero.es\/wp-content\/uploads\/sites\/16\/2025\/06\/colors-life_1.jpg\",\"datePublished\":\"2025-06-05T12:07:52+00:00\",\"dateModified\":\"2026-04-22T09:07:40+00:00\",\"breadcrumb\":{\"@id\":\"https:\/\/interzero.es\/servicios\/gestion-de-residuos\/plan-de-circularidad-textiles\/#breadcrumb\"},\"inLanguage\":\"en-GB\",\"potentialAction\":[{\"@type\":\"ReadAction\",\"target\":[\"https:\/\/interzero.es\/servicios\/gestion-de-residuos\/plan-de-circularidad-textiles\/\"]}]},{\"@type\":\"ImageObject\",\"inLanguage\":\"en-GB\",\"@id\":\"https:\/\/interzero.es\/servicios\/gestion-de-residuos\/plan-de-circularidad-textiles\/#primaryimage\",\"url\":\"https:\/\/interzero.es\/wp-content\/uploads\/sites\/16\/2025\/06\/colors-life_1.jpg\",\"contentUrl\":\"https:\/\/interzero.es\/wp-content\/uploads\/sites\/16\/2025\/06\/colors-life_1.jpg\",\"width\":1300,\"height\":864,\"caption\":\"textilles\"},{\"@type\":\"BreadcrumbList\",\"@id\":\"https:\/\/interzero.es\/servicios\/gestion-de-residuos\/plan-de-circularidad-textiles\/#breadcrumb\",\"itemListElement\":[{\"@type\":\"ListItem\",\"position\":1,\"name\":\"Home\",\"item\":\"https:\/\/interzero.es\/\"},{\"@type\":\"ListItem\",\"position\":2,\"name\":\"Servicios\",\"item\":\"https:\/\/interzero.es\/servicios\/\"},{\"@type\":\"ListItem\",\"position\":3,\"name\":\"Gesti\u00f3n de residuos\",\"item\":\"https:\/\/interzero.es\/servicios\/gestion-de-residuos\/\"},{\"@type\":\"ListItem\",\"position\":4,\"name\":\"Planes de circularidad en productos textiles\"}]},{\"@type\":\"WebSite\",\"@id\":\"https:\/\/interzero.es\/#website\",\"url\":\"https:\/\/interzero.es\/\",\"name\":\"Interzero Polska | Rozwi\u0105zania dla \u015bwiata bez odpad\u00f3w\",\"description\":\"Ofrecemos soluciones medioambientales innovadoras y completas\",\"publisher\":{\"@id\":\"https:\/\/interzero.es\/#organization\"},\"potentialAction\":[{\"@type\":\"SearchAction\",\"target\":{\"@type\":\"EntryPoint\",\"urlTemplate\":\"https:\/\/interzero.es\/?s={search_term_string}\"},\"query-input\":{\"@type\":\"PropertyValueSpecification\",\"valueRequired\":true,\"valueName\":\"search_term_string\"}}],\"inLanguage\":\"en-GB\"},{\"@type\":\"Organization\",\"@id\":\"https:\/\/interzero.es\/#organization\",\"name\":\"Interzero Polska\",\"url\":\"https:\/\/interzero.es\/\",\"logo\":{\"@type\":\"ImageObject\",\"inLanguage\":\"en-GB\",\"@id\":\"https:\/\/interzero.es\/#\/schema\/logo\/image\/\",\"url\":\"https:\/\/l.interzero.at\/es\/wp-content\/uploads\/sites\/16\/2024\/07\/Interzero.png\",\"contentUrl\":\"https:\/\/l.interzero.at\/es\/wp-content\/uploads\/sites\/16\/2024\/07\/Interzero.png\",\"width\":1920,\"height\":1080,\"caption\":\"Interzero Polska\"},\"image\":{\"@id\":\"https:\/\/interzero.es\/#\/schema\/logo\/image\/\"},\"sameAs\":[\"https:\/\/www.facebook.com\/InterzeroPolska\",\"https:\/\/x.com\/InterzeroPolska\",\"https:\/\/www.linkedin.com\/company\/interzero-zero-waste-solutions\/\"]}]}<\/script>\n<!-- \/ Yoast SEO plugin. -->","yoast_head_json":{"title":"Circularity schemes for textile products - Interzero Spain","robots":{"index":"index","follow":"follow","max-snippet":"max-snippet:-1","max-image-preview":"max-image-preview:large","max-video-preview":"max-video-preview:-1"},"canonical":"https:\/\/interzero.es\/en\/services\/waste-management\/textile-circularity-plan\/","og_locale":"en_GB","og_type":"article","og_title":"Planes de circularidad en productos textiles - Interzero Espa\u00f1a","og_url":"https:\/\/interzero.es\/en\/services\/waste-management\/textile-circularity-plan\/","og_site_name":"Interzero Espa\u00f1a","article_publisher":"https:\/\/www.facebook.com\/InterzeroPolska","article_modified_time":"2026-04-22T09:07:40+00:00","og_image":[{"width":1300,"height":864,"url":"https:\/\/interzero.es\/wp-content\/uploads\/sites\/16\/2025\/06\/colors-life_1.jpg","type":"image\/jpeg"}],"twitter_card":"summary_large_image","twitter_site":"@InterzeroPolska","twitter_misc":{"Estimated reading time":"2 minutes"},"schema":{"@context":"https:\/\/schema.org","@graph":[{"@type":"WebPage","@id":"https:\/\/interzero.es\/servicios\/gestion-de-residuos\/plan-de-circularidad-textiles\/","url":"https:\/\/interzero.es\/servicios\/gestion-de-residuos\/plan-de-circularidad-textiles\/","name":"Circularity schemes for textile products - Interzero Spain","isPartOf":{"@id":"https:\/\/interzero.es\/#website"},"primaryImageOfPage":{"@id":"https:\/\/interzero.es\/servicios\/gestion-de-residuos\/plan-de-circularidad-textiles\/#primaryimage"},"image":{"@id":"https:\/\/interzero.es\/servicios\/gestion-de-residuos\/plan-de-circularidad-textiles\/#primaryimage"},"thumbnailUrl":"https:\/\/interzero.es\/wp-content\/uploads\/sites\/16\/2025\/06\/colors-life_1.jpg","datePublished":"2025-06-05T12:07:52+00:00","dateModified":"2026-04-22T09:07:40+00:00","breadcrumb":{"@id":"https:\/\/interzero.es\/servicios\/gestion-de-residuos\/plan-de-circularidad-textiles\/#breadcrumb"},"inLanguage":"en-GB","potentialAction":[{"@type":"ReadAction","target":["https:\/\/interzero.es\/servicios\/gestion-de-residuos\/plan-de-circularidad-textiles\/"]}]},{"@type":"ImageObject","inLanguage":"en-GB","@id":"https:\/\/interzero.es\/servicios\/gestion-de-residuos\/plan-de-circularidad-textiles\/#primaryimage","url":"https:\/\/interzero.es\/wp-content\/uploads\/sites\/16\/2025\/06\/colors-life_1.jpg","contentUrl":"https:\/\/interzero.es\/wp-content\/uploads\/sites\/16\/2025\/06\/colors-life_1.jpg","width":1300,"height":864,"caption":"textilles"},{"@type":"BreadcrumbList","@id":"https:\/\/interzero.es\/servicios\/gestion-de-residuos\/plan-de-circularidad-textiles\/#breadcrumb","itemListElement":[{"@type":"ListItem","position":1,"name":"Home","item":"https:\/\/interzero.es\/"},{"@type":"ListItem","position":2,"name":"Servicios","item":"https:\/\/interzero.es\/servicios\/"},{"@type":"ListItem","position":3,"name":"Gesti\u00f3n de residuos","item":"https:\/\/interzero.es\/servicios\/gestion-de-residuos\/"},{"@type":"ListItem","position":4,"name":"Planes de circularidad en productos textiles"}]},{"@type":"WebSite","@id":"https:\/\/interzero.es\/#website","url":"https:\/\/interzero.es\/","name":"Interzero Polska | Rozwi\u0105zania dla \u015bwiata bez odpad\u00f3w","description":"We offer innovative and comprehensive environmental solutions","publisher":{"@id":"https:\/\/interzero.es\/#organization"},"potentialAction":[{"@type":"SearchAction","target":{"@type":"EntryPoint","urlTemplate":"https:\/\/interzero.es\/?s={search_term_string}"},"query-input":{"@type":"PropertyValueSpecification","valueRequired":true,"valueName":"search_term_string"}}],"inLanguage":"en-GB"},{"@type":"Organization","@id":"https:\/\/interzero.es\/#organization","name":"Interzero Polska","url":"https:\/\/interzero.es\/","logo":{"@type":"ImageObject","inLanguage":"en-GB","@id":"https:\/\/interzero.es\/#\/schema\/logo\/image\/","url":"https:\/\/l.interzero.at\/es\/wp-content\/uploads\/sites\/16\/2024\/07\/Interzero.png","contentUrl":"https:\/\/l.interzero.at\/es\/wp-content\/uploads\/sites\/16\/2024\/07\/Interzero.png","width":1920,"height":1080,"caption":"Interzero Polska"},"image":{"@id":"https:\/\/interzero.es\/#\/schema\/logo\/image\/"},"sameAs":["https:\/\/www.facebook.com\/InterzeroPolska","https:\/\/x.com\/InterzeroPolska","https:\/\/www.linkedin.com\/company\/interzero-zero-waste-solutions\/"]}]}},"_links":{"self":[{"href":"https:\/\/interzero.es\/en\/wp-json\/wp\/v2\/pages\/18649","targetHints":{"allow":["GET"]}}],"collection":[{"href":"https:\/\/interzero.es\/en\/wp-json\/wp\/v2\/pages"}],"about":[{"href":"https:\/\/interzero.es\/en\/wp-json\/wp\/v2\/types\/page"}],"author":[{"embeddable":true,"href":"https:\/\/interzero.es\/en\/wp-json\/wp\/v2\/users\/28"}],"replies":[{"embeddable":true,"href":"https:\/\/interzero.es\/en\/wp-json\/wp\/v2\/comments?post=18649"}],"version-history":[{"count":5,"href":"https:\/\/interzero.es\/en\/wp-json\/wp\/v2\/pages\/18649\/revisions"}],"predecessor-version":[{"id":19148,"href":"https:\/\/interzero.es\/en\/wp-json\/wp\/v2\/pages\/18649\/revisions\/19148"}],"up":[{"embeddable":true,"href":"https:\/\/interzero.es\/en\/wp-json\/wp\/v2\/pages\/4967"}],"wp:featuredmedia":[{"embeddable":true,"href":"https:\/\/interzero.es\/en\/wp-json\/wp\/v2\/media\/18771"}],"wp:attachment":[{"href":"https:\/\/interzero.es\/en\/wp-json\/wp\/v2\/media?parent=18649"}],"wp:term":[{"taxonomy":"wf_page_folders","embeddable":true,"href":"https:\/\/interzero.es\/en\/wp-json\/wp\/v2\/wf_page_folders?post=18649"}],"curies":[{"name":"wp","href":"https:\/\/api.w.org\/{rel}","templated":true}]}}